{"id":277149,"date":"2022-06-22T17:46:10","date_gmt":"2022-06-22T15:46:10","guid":{"rendered":"https:\/\/stagingapp15670.cloudwayssites.com\/produit\/eu-faco-o-meu-proprio-chocolate"},"modified":"2024-11-08T17:53:05","modified_gmt":"2024-11-08T16:53:05","slug":"eu-faco-o-meu-proprio-chocolate","status":"publish","type":"product","link":"https:\/\/stagingapp15670.cloudwayssites.com\/pt-br\/produit\/eu-faco-o-meu-proprio-chocolate\/","title":{"rendered":"Eu fa\u00e7o meu pr\u00f3prio chocolate"},"content":{"rendered":"<h3>Descubra <em>&#8220;Je fais mon chocolat maison&#8221; (Eu fa\u00e7o meu pr\u00f3prio chocolate)<\/em> &#8211; O livro para os amantes de chocolate, dispon\u00edvel diretamente na loja por 19 euros.<\/h3>\n<p>Chegou a hora! Chegou a hora de apresentar meu quinto livro <em>, &#8220;Je fais mon chocolat maison&#8221; (Eu fa\u00e7o meu pr\u00f3prio chocolate)<\/em>, com pref\u00e1cio do grande Christophe Michalak! Publicado pela Solar, esse projeto \u00e9 um verdadeiro tributo ao chocolate em todas as suas formas, e estou muito feliz em revel\u00e1-lo a voc\u00ea. Este livro de 160 p\u00e1ginas \u00e9 um mergulho no mundo do chocolate caseiro, com receitas e dicas que venho aprimorando h\u00e1 meses para torn\u00e1-las acess\u00edveis e reproduz\u00edveis em casa.<br \/>\nS <strong>obre este livro:<\/strong> Se voc\u00ea \u00e9 f\u00e3 de chocolate amargo, ao leite, branco, vegano ou sem a\u00e7\u00facar, ou mesmo se sonha com chocolate com ch\u00e1 verde, framboesas ou at\u00e9 chocolate sem chocolate, mas com caf\u00e9, este \u00e9 o livro para voc\u00ea! Voc\u00ea tamb\u00e9m descobrir\u00e1 como fazer seus pr\u00f3prios pralin\u00eas, pastas caseiras (incluindo uma deliciosa Nutella caseira!) e muito mais. Dividi este livro em tr\u00eas partes essenciais para ajudar voc\u00ea a dominar o chocolate de A a Z:   <\/p>\n<ol>\n<li><strong>Tudo o que voc\u00ea precisa saber para fazer seu pr\u00f3prio chocolate<\/strong> &#8211; As t\u00e9cnicas essenciais para criar chocolate, desde o gr\u00e3o at\u00e9 a barra, incluindo todos os est\u00e1gios de temperagem, com v\u00e1rios m\u00e9todos, dependendo do seu equipamento.<\/li>\n<li><strong>Receitas de barras de chocolate, chocolates recheados e pastas<\/strong> &#8211; Fa\u00e7a suas pr\u00f3prias barras de chocolate e descubra recheios deliciosos com avel\u00e3s, pistaches e outras del\u00edcias.<\/li>\n<li><strong>As sobremesas de chocolate indispens\u00e1veis<\/strong> &#8211; biscoitos, madeleines, mil-folhas, canel\u00e9s, chocolate quente e muito mais.<\/li>\n<\/ol>\n<p>Eu at\u00e9 desenvolvi duas f\u00f3rmulas &#8220;m\u00e1gicas&#8221; que permitem que voc\u00ea crie seus pr\u00f3prios chocolates simplesmente escolhendo os ingredientes que voc\u00ea gosta!<\/p>\n<p><strong>Por que comprar este livro?<\/strong><br \/>\n<em>Je fais mon chocolat maison (Eu fa\u00e7o meu pr\u00f3prio chocolate)<\/em> n\u00e3o \u00e9 apenas um livro de receitas; ele orienta voc\u00ea a se tornar um especialista em fazer seu pr\u00f3prio chocolate, mesmo sem equipamento profissional. Voc\u00ea poder\u00e1 fazer barras diretamente de chocolates de marca enquanto domina a temperagem. Este livro foi projetado para ser o mais completo poss\u00edvel, e cada etapa \u00e9 ilustrada pelas belas fotografias de Claire Curt.<br \/>\nAo comprar este livro <a href=\"https:\/\/stagingapp15670.cloudwayssites.com\/produit\/je-fais-mon-chocolat-maison\/\" target=\"_new\" rel=\"noopener\">aqui<\/a> <strong>,<\/strong> voc\u00ea est\u00e1 apoiando meu trabalho e me incentivando a continuar minhas cria\u00e7\u00f5es para oferecer a voc\u00ea ainda mais receitas e dicas. Al\u00e9m disso, \u00e9 um \u00f3timo presente para os amantes de chocolate! <em>Je fais mon chocolat maison<\/em> \u00e9 o guia perfeito para quem quer explorar e aperfei\u00e7oar a arte do chocolate caseiro. Com mais de 50 receitas e t\u00e9cnicas, voc\u00ea saber\u00e1 tudo o que h\u00e1 para saber sobre esse mundo gourmet. Ent\u00e3o, voc\u00ea est\u00e1 pronto para mergulhar no mundo do chocolate? Encomende hoje mesmo e descubra todas as maravilhas do chocolate que esperam por voc\u00ea!  <\/p>\n","protected":false},"excerpt":{"rendered":"<p>Escuro, branco ou ao leite, o chocolate n\u00e3o ter\u00e1 mais segredos para voc\u00ea. Aqui est\u00e1 um livro pr\u00e1tico, abrangente e delicioso que conta tudo o que voc\u00ea precisa saber sobre as sementes de cacau e como fazer suas pr\u00f3prias barras de chocolate e, \u00e9 claro, deliciosas sobremesas de chocolate. Gra\u00e7as a esse livro bonito e pr\u00e1tico, com pref\u00e1cio de Christophe Michalak, voc\u00ea pode descobrir o cacau em todas as suas formas e aprender a fazer seu pr\u00f3prio chocolate. Desde a torrefa\u00e7\u00e3o e a temperagem at\u00e9 a moagem, a peneira\u00e7\u00e3o e a conchagem, cada etapa \u00e9 ilustrada passo a passo e explicada em termos simples. <\/p>\n","protected":false},"featured_media":314538,"comment_status":"open","ping_status":"closed","template":"","format":"standard","meta":{"_acf_changed":false,"wprm-recipe-roundup-name":"","wprm-recipe-roundup-description":"","_lmt_disableupdate":"","_lmt_disable":""},"product_brand":[],"product_cat":[7011],"product_tag":[10515],"class_list":{"0":"post-277149","1":"product","2":"type-product","3":"status-publish","4":"format-standard","5":"has-post-thumbnail","7":"product_cat-livros","8":"product_tag-chocolate-feito-em-casa","10":"first","11":"instock","12":"shipping-taxable","13":"purchasable","14":"product-type-simple"},"acf":[],"_links":{"self":[{"href":"https:\/\/stagingapp15670.cloudwayssites.com\/pt-br\/wp-json\/wp\/v2\/product\/277149","targetHints":{"allow":["GET"]}}],"collection":[{"href":"https:\/\/stagingapp15670.cloudwayssites.com\/pt-br\/wp-json\/wp\/v2\/product"}],"about":[{"href":"https:\/\/stagingapp15670.cloudwayssites.com\/pt-br\/wp-json\/wp\/v2\/types\/product"}],"replies":[{"embeddable":true,"href":"https:\/\/stagingapp15670.cloudwayssites.com\/pt-br\/wp-json\/wp\/v2\/comments?post=277149"}],"wp:featuredmedia":[{"embeddable":true,"href":"https:\/\/stagingapp15670.cloudwayssites.com\/pt-br\/wp-json\/wp\/v2\/media\/314538"}],"wp:attachment":[{"href":"https:\/\/stagingapp15670.cloudwayssites.com\/pt-br\/wp-json\/wp\/v2\/media?parent=277149"}],"wp:term":[{"taxonomy":"product_brand","embeddable":true,"href":"https:\/\/stagingapp15670.cloudwayssites.com\/pt-br\/wp-json\/wp\/v2\/product_brand?post=277149"},{"taxonomy":"product_cat","embeddable":true,"href":"https:\/\/stagingapp15670.cloudwayssites.com\/pt-br\/wp-json\/wp\/v2\/product_cat?post=277149"},{"taxonomy":"product_tag","embeddable":true,"href":"https:\/\/stagingapp15670.cloudwayssites.com\/pt-br\/wp-json\/wp\/v2\/product_tag?post=277149"}],"curies":[{"name":"wp","href":"https:\/\/api.w.org\/{rel}","templated":true}]}}