{"id":277118,"date":"2022-06-02T05:58:37","date_gmt":"2022-06-02T03:58:37","guid":{"rendered":"https:\/\/stagingapp15670.cloudwayssites.com\/produit\/escandalosamente-decadente-receitas-de-pastelaria-divinas-no-auge-da-delicia"},"modified":"2022-06-02T05:58:37","modified_gmt":"2022-06-02T03:58:37","slug":"escandalosamente-decadente-receitas-de-pastelaria-divinas-no-auge-da-delicia","status":"publish","type":"product","link":"https:\/\/stagingapp15670.cloudwayssites.com\/pt-br\/produit\/escandalosamente-decadente-receitas-de-pastelaria-divinas-no-auge-da-delicia\/","title":{"rendered":"Escandalosamente decadente: receitas de pastelaria divinas no auge da del\u00edcia"},"content":{"rendered":"<p>O meu novo livro est\u00e1 lan\u00e7ado! Est\u00e1 dispon\u00edvel na sua livraria local e em todas as plataformas de vento. Este livro \u00e9 um comp\u00eandio de deliciosidade. Assumi tudo o que gosto aqui: gourmet, saboroso, suave, estaladi\u00e7o, derretido, mas acima de tudo, vi\u00e1vel e delicioso. Quase 100 receitas n\u00e3o censuradas e escandalosamente decadentes esperam por si neste belo livro! Tive tamb\u00e9m a sorte de ter 4 convidados no meu livro: Aur\u00e9lien Cohen<a class=\"rank-math-link\" href=\"https:\/\/www.instagram.com\/aureliencohen\/\" target=\"_blank\" rel=\"noopener\">(o seu Instagram AQUI)<\/a>&nbsp;que oferece a sua receita de tartes Cara&#8217;hu\u00e8tes, Christophe Amav<a class=\"rank-math-link\" href=\"https:\/\/www.instagram.com\/christopheamav\/\" target=\"_blank\" rel=\"noopener\">(o seu Instagram AQUI)<\/a>&nbsp;com deliciosos folhados de pistachio framboesa, Hamaid, tamb\u00e9m conhecido por Jekocat<a class=\"rank-math-link\" href=\"https:\/\/www.instagram.com\/jekocat\/\" target=\"_blank\" rel=\"noopener\">(o seu Instagram AQUI)<\/a>&nbsp;com uma adapta\u00e7\u00e3o ainda mais louca do meu \u00faltimo bolo de avel\u00e3 e finalmente Fr\u00e9d\u00e9ric Leguen Geffroy<a class=\"rank-math-link\" href=\"https:\/\/www.instagram.com\/frederic_le_guen_geffroy\/\" target=\"_blank\" rel=\"noopener\">(o seu Instagram AQUI)<\/a>&nbsp;com uma incr\u00edvel tarte de chocolate! Aqui est\u00e3o algumas p\u00e1ginas do livro com as fotografias de Claire Curt!<\/p>\n","protected":false},"excerpt":{"rendered":"<p>Este livro \u00e9 um comp\u00eandio de deliciosidade. Bernard Laurance assumiu tudo o que tornou o seu blogue t\u00e3o bem sucedido: gourmet, assertivo, suave, estaladi\u00e7o, derretido, mas acima de tudo vi\u00e1vel e delicioso. Quase 100 receitas n\u00e3o censuradas e escandalosamente decadentes esperam por si neste belo livro!<\/p>\n","protected":false},"featured_media":0,"comment_status":"open","ping_status":"closed","template":"","format":"standard","meta":{"_acf_changed":false,"wprm-recipe-roundup-name":"","wprm-recipe-roundup-description":"","_lmt_disableupdate":"","_lmt_disable":""},"product_brand":[],"product_cat":[7011],"product_tag":[],"class_list":{"0":"post-277118","1":"product","2":"type-product","3":"status-publish","4":"format-standard","6":"product_cat-livros","8":"first","9":"instock","10":"shipping-taxable","11":"product-type-external"},"acf":[],"_links":{"self":[{"href":"https:\/\/stagingapp15670.cloudwayssites.com\/pt-br\/wp-json\/wp\/v2\/product\/277118","targetHints":{"allow":["GET"]}}],"collection":[{"href":"https:\/\/stagingapp15670.cloudwayssites.com\/pt-br\/wp-json\/wp\/v2\/product"}],"about":[{"href":"https:\/\/stagingapp15670.cloudwayssites.com\/pt-br\/wp-json\/wp\/v2\/types\/product"}],"replies":[{"embeddable":true,"href":"https:\/\/stagingapp15670.cloudwayssites.com\/pt-br\/wp-json\/wp\/v2\/comments?post=277118"}],"wp:attachment":[{"href":"https:\/\/stagingapp15670.cloudwayssites.com\/pt-br\/wp-json\/wp\/v2\/media?parent=277118"}],"wp:term":[{"taxonomy":"product_brand","embeddable":true,"href":"https:\/\/stagingapp15670.cloudwayssites.com\/pt-br\/wp-json\/wp\/v2\/product_brand?post=277118"},{"taxonomy":"product_cat","embeddable":true,"href":"https:\/\/stagingapp15670.cloudwayssites.com\/pt-br\/wp-json\/wp\/v2\/product_cat?post=277118"},{"taxonomy":"product_tag","embeddable":true,"href":"https:\/\/stagingapp15670.cloudwayssites.com\/pt-br\/wp-json\/wp\/v2\/product_tag?post=277118"}],"curies":[{"name":"wp","href":"https:\/\/api.w.org\/{rel}","templated":true}]}}