{"id":277115,"date":"2022-06-22T17:44:53","date_gmt":"2022-06-22T15:44:53","guid":{"rendered":"https:\/\/stagingapp15670.cloudwayssites.com\/produit\/vou-dar-uma-dentada-uma-digressao-mundial-de-receitas-para-comer"},"modified":"2022-06-22T17:44:53","modified_gmt":"2022-06-22T15:44:53","slug":"vou-dar-uma-dentada-uma-digressao-mundial-de-receitas-para-comer","status":"publish","type":"product","link":"https:\/\/stagingapp15670.cloudwayssites.com\/pt-br\/produit\/vou-dar-uma-dentada-uma-digressao-mundial-de-receitas-para-comer\/","title":{"rendered":"Vou dar uma dentada: Uma digress\u00e3o mundial de receitas para comer"},"content":{"rendered":"","protected":false},"excerpt":{"rendered":"<div id=\"bookDescription_feature_div\" class=\"celwidget\" data-feature-name=\"bookDescription\" data-csa-c-id=\"qrkeny-lha4bh-6koya2-yrf900\" data-cel-widget=\"bookDescription_feature_div\">\n<div class=\"a-expander-collapsed-height a-row a-expander-container a-spacing-base a-expander-partial-collapse-container\" data-a-expander-name=\"book_description_expander\" data-a-expander-collapsed-height=\"140\">\n<div class=\"a-expander-content a-expander-partial-collapse-content\" aria-expanded=\"false\">Como verdadeiro entusiasta, viaja pelo globo em busca das melhores receitas colhidas nas suas viagens pela Europa, \u00c1frica e M\u00e9dio Oriente, Am\u00e9ricas e toda a \u00c1sia. D\u00ea uma dentada, coma com os dedos todas estas pequenas mordidas preparadas para aperitivos entre amigos, piqueniques, delicie-se com um foie gras macaroon, um prato de makis caseiros, um espeto de galinha mergulhado num delicioso molho satay&#8230; Como podemos resistir a todas as del\u00edcias que Bernard preparou para n\u00f3s?<\/div>\n<\/div>\n<\/div>\n","protected":false},"featured_media":0,"comment_status":"open","ping_status":"closed","template":"","format":"standard","meta":{"_acf_changed":false,"wprm-recipe-roundup-name":"","wprm-recipe-roundup-description":"","_lmt_disableupdate":"","_lmt_disable":""},"product_brand":[],"product_cat":[7011],"product_tag":[],"class_list":{"0":"post-277115","1":"product","2":"type-product","3":"status-publish","4":"format-standard","6":"product_cat-livros","8":"first","9":"instock","10":"shipping-taxable","11":"product-type-simple"},"acf":[],"_links":{"self":[{"href":"https:\/\/stagingapp15670.cloudwayssites.com\/pt-br\/wp-json\/wp\/v2\/product\/277115","targetHints":{"allow":["GET"]}}],"collection":[{"href":"https:\/\/stagingapp15670.cloudwayssites.com\/pt-br\/wp-json\/wp\/v2\/product"}],"about":[{"href":"https:\/\/stagingapp15670.cloudwayssites.com\/pt-br\/wp-json\/wp\/v2\/types\/product"}],"replies":[{"embeddable":true,"href":"https:\/\/stagingapp15670.cloudwayssites.com\/pt-br\/wp-json\/wp\/v2\/comments?post=277115"}],"wp:attachment":[{"href":"https:\/\/stagingapp15670.cloudwayssites.com\/pt-br\/wp-json\/wp\/v2\/media?parent=277115"}],"wp:term":[{"taxonomy":"product_brand","embeddable":true,"href":"https:\/\/stagingapp15670.cloudwayssites.com\/pt-br\/wp-json\/wp\/v2\/product_brand?post=277115"},{"taxonomy":"product_cat","embeddable":true,"href":"https:\/\/stagingapp15670.cloudwayssites.com\/pt-br\/wp-json\/wp\/v2\/product_cat?post=277115"},{"taxonomy":"product_tag","embeddable":true,"href":"https:\/\/stagingapp15670.cloudwayssites.com\/pt-br\/wp-json\/wp\/v2\/product_tag?post=277115"}],"curies":[{"name":"wp","href":"https:\/\/api.w.org\/{rel}","templated":true}]}}