{"id":205200,"date":"2016-09-29T12:49:00","date_gmt":"2016-09-29T10:49:00","guid":{"rendered":"https:\/\/stagingapp15670.cloudwayssites.com\/aviso-legal"},"modified":"2022-06-29T19:54:24","modified_gmt":"2022-06-29T17:54:24","slug":"aviso-legal","status":"publish","type":"page","link":"https:\/\/stagingapp15670.cloudwayssites.com\/pt-br\/aviso-legal\/","title":{"rendered":"Aviso legal"},"content":{"rendered":"<p>[vc_row][vc_column][vc_column_text]<\/p>\n<h2>Editor e respons\u00e1vel pelo blogue<\/h2>\n<p>LAURAN\u00c7A Bernard<br \/>\ncontact@stagingapp15670.cloudwayssites.com<br \/>\n<strong>&#8220;La Cuisine de Bernard&#8221; \u00e9 uma marca registada junto do INPI.<\/strong><\/p>\n<h2>Declara\u00e7\u00e3o para a CNIL<\/h2>\n<p>Em conformidade com a lei em vigor, o blogue stagingapp15670.cloudwayssites.com est\u00e1 sujeito \u00e0 lei francesa de protec\u00e7\u00e3o de dados, mas como blogue pessoal est\u00e1 isento de declara\u00e7\u00e3o \u00e0 CNIL (decis\u00e3o de 31 de Janeiro de 2006).<\/p>\n<h2>Acolhimento<\/h2>\n<p>Este blogue \u00e9 alojado pela GODADDY.<\/p>\n<h2>Privacidade<\/h2>\n<p>Os dados pessoais recolhidos por stagingapp15670.cloudwayssites.com destinam-se apenas a uso interno. Em nenhuma circunst\u00e2ncia estes dados ser\u00e3o fornecidos ou vendidos a terceiros. Apenas os coment\u00e1rios registados neste blog resultam na grava\u00e7\u00e3o de informa\u00e7\u00f5es de liga\u00e7\u00e3o (endere\u00e7o IP, pseud\u00f3nimo e possivelmente endere\u00e7o de e-mail e website).<\/p>\n<p>Em conformidade com o artigo 39 da lei de 6 de Janeiro de 1978 sobre a inform\u00e1tica, os ficheiros e a liberdade, disp\u00f5e do direito de acesso, modifica\u00e7\u00e3o e oposi\u00e7\u00e3o aos seus dados pessoais registados pelo blogue.<\/p>\n<h2>Condi\u00e7\u00f5es para a modera\u00e7\u00e3o dos coment\u00e1rios no blogue<\/h2>\n<p>Coment\u00e1rios e trackbacks\/pingbacks em stagingapp15670.cloudwayssites.com s\u00e3o moderados ap\u00f3s o facto. O n\u00e3o cumprimento de qualquer uma das seguintes regras resultar\u00e1 na elimina\u00e7\u00e3o do coment\u00e1rio ou trackback\/pingback:<\/p>\n<ul>\n<li>Coment\u00e1rios que s\u00e3o difamat\u00f3rios, racistas, pornogr\u00e1ficos, ped\u00f3filos, incitando ao crime ou ao suic\u00eddio,<\/li>\n<li>Coment\u00e1rios que reproduzem correspond\u00eancia privada sem o consentimento das pessoas envolvidas,<\/li>\n<li>Coment\u00e1rios agressivos ou vulgares,<\/li>\n<li>Coment\u00e1rios que visam apenas ligar a um s\u00edtio externo (comentar spam ou trackback\/pingback).<\/li>\n<\/ul>\n<h2>Licen\u00e7as, direitos de reprodu\u00e7\u00e3o<\/h2>\n<p>Todos os direitos reservados. Os textos e fotografias s\u00e3o propriedade exclusiva do Sr. Bernard LAURANCE. Nenhum direito de c\u00f3pia ou reutiliza\u00e7\u00e3o total ou parcial deste s\u00edtio sem autoriza\u00e7\u00e3o.<\/p>\n<h2>Webmaster<\/h2>\n<p>Blog criado e gerido por <a href=\"https:\/\/sarahberrier.com\" target=\"_blank\" rel=\"noopener noreferrer\">Sarah Berrier, web designer<\/a><\/p>\n<p>&nbsp;<\/p>\n<h3>Publicidade Program\u00e1tica Mediavine (Ver 1.1)<\/h3>\n<p>O Website trabalha com a Mediavine para gerir a publicidade baseada em interesses de terceiros que aparece no Website. A Mediavine serve conte\u00fados e an\u00fancios quando visita o Website, que pode utilizar primeiro cookies e cookies de terceiros. Um cookie \u00e9 um pequeno ficheiro de texto que \u00e9 enviado para o seu computador ou dispositivo m\u00f3vel (referido nesta pol\u00edtica como um &#8220;dispositivo&#8221;) pelo servidor web para que um website se possa lembrar de algumas informa\u00e7\u00f5es sobre a sua actividade de navega\u00e7\u00e3o no Website.<\/p>\n<p>Os primeiros cookies s\u00e3o criados pelo website que est\u00e1 a visitar. Um cookie de terceiros \u00e9 frequentemente utilizado em publicidade e an\u00e1lise comportamental e \u00e9 criado por outro dom\u00ednio que n\u00e3o o website que est\u00e1 a visitar. Podem ser colocados cookies, tags, pixels, beacons e outras tecnologias semelhantes (colectivamente, &#8220;Tags&#8221;) de terceiros no Website para monitorizar a interac\u00e7\u00e3o com o conte\u00fado publicit\u00e1rio e para direccionar e optimizar a publicidade. Cada navegador da Internet tem uma funcionalidade que lhe permite bloquear tanto os primeiros como os cookies de terceiros e limpar a cache do seu navegador. A fun\u00e7\u00e3o &#8220;ajuda&#8221; da barra de menu na maioria dos browsers dir-lhe-\u00e1 como deixar de aceitar novos cookies, como receber notifica\u00e7\u00f5es de novos cookies, como desactivar cookies existentes e como limpar o cache do seu browser. Para mais informa\u00e7\u00f5es sobre cookies e como desactiv\u00e1-los, pode consultar as informa\u00e7\u00f5es em <a href=\"https:\/\/www.allaboutcookies.org\/manage-cookies\/\" target=\"_blank\" rel=\"noreferrer noopener nofollow\">All About Cookies<\/a>.<\/p>\n<p>Sem cookies pode n\u00e3o ser poss\u00edvel tirar o m\u00e1ximo partido do conte\u00fado e das funcionalidades do Website. Note que rejeitar cookies n\u00e3o significa que deixar\u00e1 de ver an\u00fancios quando visitar o nosso S\u00edtio. Caso opte por n\u00e3o participar, continuar\u00e1 a ver an\u00fancios n\u00e3o personalizados no Website.<\/p>\n<p>O Website recolhe os seguintes dados utilizando um cookie ao veicular an\u00fancios personalizados:<\/p>\n<ul>\n<li>Endere\u00e7o IP<\/li>\n<li>Tipo de sistema operativo<\/li>\n<li>Vers\u00e3o do sistema operativo<\/li>\n<li>Tipo de dispositivo<\/li>\n<li>L\u00edngua do s\u00edtio Web<\/li>\n<li>Tipo de navegador web<\/li>\n<li>Email (em forma de hash)<\/li>\n<\/ul>\n<p>Os Parceiros Mediavine (empresas listadas abaixo com as quais a Mediavine partilha dados) podem tamb\u00e9m utilizar estes dados para se ligarem a outras informa\u00e7\u00f5es do utilizador final que o parceiro tenha recolhido de forma independente para entregar an\u00fancios direccionados. Os Parceiros da Mediavine podem tamb\u00e9m recolher separadamente dados sobre utilizadores finais de outras fontes, tais como identifica\u00e7\u00f5es publicit\u00e1rias ou pixels, e ligar esses dados a dados recolhidos junto dos editores da Mediavine, de modo a fornecer publicidade baseada em interesses atrav\u00e9s da sua experi\u00eancia online, incluindo dispositivos, navegadores e aplica\u00e7\u00f5es. Estes dados incluem dados de utiliza\u00e7\u00e3o, informa\u00e7\u00e3o sobre cookies, informa\u00e7\u00e3o sobre dispositivos, informa\u00e7\u00e3o sobre interac\u00e7\u00f5es entre utilizadores e an\u00fancios e websites, dados de geolocaliza\u00e7\u00e3o, dados de tr\u00e1fego, e informa\u00e7\u00e3o sobre a fonte de refer\u00eancia de um visitante a um website em particular. Os Parceiros Mediavine podem tamb\u00e9m criar identifica\u00e7\u00f5es \u00fanicas para criar segmentos de audi\u00eancia, que s\u00e3o utilizados para fornecer publicidade direccionada.<\/p>\n<p>Se desejar mais informa\u00e7\u00f5es sobre esta pr\u00e1tica e para conhecer as suas op\u00e7\u00f5es de opt-in ou opt-out desta recolha de dados, visite a <a href=\"https:\/\/thenai.org\/opt-out\/\" target=\"_blank\" rel=\"noreferrer noopener nofollow\">p\u00e1gina de opt-out da Iniciativa Nacional de Publicidade<\/a>. Pode tamb\u00e9m visitar o <a href=\"http:\/\/optout.aboutads.info\/#\/\" target=\"_blank\" rel=\"noreferrer noopener nofollow\">website da Digital Advertising Alliance<\/a> e o <a href=\"http:\/\/optout.networkadvertising.org\/#\" target=\"_blank\" rel=\"noreferrer noopener nofollow\">website da Network Advertising Initiative<\/a> para saber mais informa\u00e7\u00f5es sobre publicidade baseada em interesses. Pode descarregar a aplica\u00e7\u00e3o AppChoices na <a href=\"https:\/\/youradchoices.com\/appchoices\" target=\"_blank\" rel=\"noreferrer noopener nofollow\">aplica\u00e7\u00e3o AppChoices da Digital Advertising Alliance<\/a> para se auto-excluir em liga\u00e7\u00e3o com aplica\u00e7\u00f5es m\u00f3veis, ou utilizar os controlos da plataforma no seu dispositivo m\u00f3vel para se auto-excluir.<\/p>\n<p>Para informa\u00e7\u00e3o espec\u00edfica sobre a Mediavine Partners, os dados recolhidos por cada um e as suas pol\u00edticas de recolha de dados e privacidade, visite <a href=\"https:\/\/www.mediavine.com\/ad-partners\/\" target=\"_blank\" rel=\"noreferrer noopener nofollow\">Mediavine Partners<\/a>.<\/p>\n<p>[\/vc_column_text][\/vc_column][\/vc_row]<\/p>\n","protected":false},"excerpt":{"rendered":"","protected":false},"author":1,"featured_media":0,"parent":0,"menu_order":0,"comment_status":"closed","ping_status":"closed","template":"","meta":{"_acf_changed":false,"wprm-recipe-roundup-name":"","wprm-recipe-roundup-description":"","_lmt_disableupdate":"","_lmt_disable":"","footnotes":""},"class_list":["post-205200","page","type-page","status-publish","format-standard","hentry"],"acf":[],"_links":{"self":[{"href":"https:\/\/stagingapp15670.cloudwayssites.com\/pt-br\/wp-json\/wp\/v2\/pages\/205200","targetHints":{"allow":["GET"]}}],"collection":[{"href":"https:\/\/stagingapp15670.cloudwayssites.com\/pt-br\/wp-json\/wp\/v2\/pages"}],"about":[{"href":"https:\/\/stagingapp15670.cloudwayssites.com\/pt-br\/wp-json\/wp\/v2\/types\/page"}],"author":[{"embeddable":true,"href":"https:\/\/stagingapp15670.cloudwayssites.com\/pt-br\/wp-json\/wp\/v2\/users\/1"}],"replies":[{"embeddable":true,"href":"https:\/\/stagingapp15670.cloudwayssites.com\/pt-br\/wp-json\/wp\/v2\/comments?post=205200"}],"version-history":[{"count":0,"href":"https:\/\/stagingapp15670.cloudwayssites.com\/pt-br\/wp-json\/wp\/v2\/pages\/205200\/revisions"}],"wp:attachment":[{"href":"https:\/\/stagingapp15670.cloudwayssites.com\/pt-br\/wp-json\/wp\/v2\/media?parent=205200"}],"curies":[{"name":"wp","href":"https:\/\/api.w.org\/{rel}","templated":true}]}}