{"id":202397,"date":"2016-05-04T08:28:00","date_gmt":"2016-05-04T06:28:00","guid":{"rendered":"https:\/\/stagingapp15670.cloudwayssites.com\/contacto"},"modified":"2022-06-28T16:11:22","modified_gmt":"2022-06-28T14:11:22","slug":"contacto","status":"publish","type":"page","link":"https:\/\/stagingapp15670.cloudwayssites.com\/pt-br\/contacto\/","title":{"rendered":"Contacto"},"content":{"rendered":"<p>[vc_row][vc_column][vc_column_text]Para qualquer pedido, pode enviar-me uma mensagem atrav\u00e9s deste formul\u00e1rio:[\/vc_column_text][\/vc_column][\/vc_row][vc_row][vc_column][contact-form-7 id=&#8221;23448&#8243;][\/vc_column][\/vc_row]<\/p>\n<p>\u00c9 uma marca e quer come\u00e7ar uma campanha no blogue? Mais informa\u00e7\u00f5es <a href=\"https:\/\/stagingapp15670.cloudwayssites.com\/pt-br\/parceria\">aqui<\/a> ou contacte-me em partenariat@stagingapp15670.cloudwayssites.com<\/p>\n","protected":false},"excerpt":{"rendered":"<p>\u00c9 uma marca e quer come\u00e7ar uma campanha no blogue? Mais informa\u00e7\u00f5es aqui ou contacte-me em partenariat@stagingapp15670.cloudwayssites.com<\/p>\n","protected":false},"author":1,"featured_media":0,"parent":0,"menu_order":0,"comment_status":"closed","ping_status":"closed","template":"","meta":{"_acf_changed":false,"wprm-recipe-roundup-name":"","wprm-recipe-roundup-description":"","_lmt_disableupdate":"","_lmt_disable":"","footnotes":""},"class_list":["post-202397","page","type-page","status-publish","format-standard","hentry"],"acf":[],"_links":{"self":[{"href":"https:\/\/stagingapp15670.cloudwayssites.com\/pt-br\/wp-json\/wp\/v2\/pages\/202397","targetHints":{"allow":["GET"]}}],"collection":[{"href":"https:\/\/stagingapp15670.cloudwayssites.com\/pt-br\/wp-json\/wp\/v2\/pages"}],"about":[{"href":"https:\/\/stagingapp15670.cloudwayssites.com\/pt-br\/wp-json\/wp\/v2\/types\/page"}],"author":[{"embeddable":true,"href":"https:\/\/stagingapp15670.cloudwayssites.com\/pt-br\/wp-json\/wp\/v2\/users\/1"}],"replies":[{"embeddable":true,"href":"https:\/\/stagingapp15670.cloudwayssites.com\/pt-br\/wp-json\/wp\/v2\/comments?post=202397"}],"version-history":[{"count":0,"href":"https:\/\/stagingapp15670.cloudwayssites.com\/pt-br\/wp-json\/wp\/v2\/pages\/202397\/revisions"}],"wp:attachment":[{"href":"https:\/\/stagingapp15670.cloudwayssites.com\/pt-br\/wp-json\/wp\/v2\/media?parent=202397"}],"curies":[{"name":"wp","href":"https:\/\/api.w.org\/{rel}","templated":true}]}}