{"id":202360,"date":"2020-04-07T11:00:19","date_gmt":"2020-04-07T09:00:19","guid":{"rendered":"https:\/\/stagingapp15670.cloudwayssites.com\/chocolate-caseiro"},"modified":"2022-08-17T14:55:55","modified_gmt":"2022-08-17T12:55:55","slug":"chocolate-caseiro","status":"publish","type":"page","link":"https:\/\/stagingapp15670.cloudwayssites.com\/pt-br\/chocolate-caseiro\/","title":{"rendered":"Chocolate caseiro"},"content":{"rendered":"\n<iframe width=\"560\" height=\"315\" src=\"https:\/\/www.youtube.com\/embed\/QMUtR_DCnzk\" frameborder=\"0\" allow=\"accelerometer; autoplay; encrypted-media; gyroscope; picture-in-picture\" allowfullscreen=\"\"><\/iframe>\n\n<p><\/p>\n\n<iframe width=\"560\" height=\"315\" src=\"https:\/\/www.youtube.com\/embed\/OEMG6nTiv4g\" frameborder=\"0\" allow=\"accelerometer; autoplay; encrypted-media; gyroscope; picture-in-picture\" allowfullscreen=\"\"><\/iframe>\n\n<p><\/p>\n\n<iframe width=\"560\" height=\"315\" src=\"https:\/\/www.youtube.com\/embed\/kbOJn5uhU98\" frameborder=\"0\" allow=\"accelerometer; autoplay; encrypted-media; gyroscope; picture-in-picture\" allowfullscreen=\"\"><\/iframe>\n\n<p> <\/p>\n\n<iframe width=\"560\" height=\"315\" src=\"https:\/\/www.youtube.com\/embed\/YVItI5XP0yk\" frameborder=\"0\" allow=\"accelerometer; autoplay; encrypted-media; gyroscope; picture-in-picture\" allowfullscreen=\"\"><\/iframe>\n\n<p> <\/p>\n\n<iframe width=\"560\" height=\"315\" src=\"https:\/\/www.youtube.com\/embed\/AO9VPbsnuDw\" frameborder=\"0\" allow=\"accelerometer; autoplay; encrypted-media; gyroscope; picture-in-picture\" allowfullscreen=\"\"><\/iframe>\n\n<p> <\/p>\n\n<iframe width=\"560\" height=\"315\" src=\"https:\/\/www.youtube.com\/embed\/93pQhgaRWAU\" frameborder=\"0\" allow=\"accelerometer; autoplay; encrypted-media; gyroscope; picture-in-picture\" allowfullscreen=\"\"><\/iframe>\n\n<p>\u00c9 isso mesmo! \u00c9 mais que tempo de vos falarmos disso! Estou a lan\u00e7ar o meu 5\u00ba livro, com um pref\u00e1cio de Christophe Michalak, e \u00e9 sempre com a mesma paix\u00e3o e alegria que o quero partilhar convosco. Sou publicado para esta pela Solar, mesmo que tamb\u00e9m fique com a Flammarion, provavelmente para a 6\u00aa, a prop\u00f3sito! Pode ter visto as minhas oficinas de chocolate e os meus pratos de chocolate caseiros se me seguir no Instagram<a href=\"https:\/\/www.instagram.com\/lacuisinedebernard\/\" target=\"_blank\" rel=\"noopener\">(a minha conta AQUI!<\/a>)? Se assim for, n\u00e3o ficar\u00e1 surpreendido por ver que o tema do meu \u00faltimo beb\u00e9 \u00e9 chocolate! Em 160 p\u00e1ginas, digo-lhe tudo o que precisa de saber para o fazer em casa, do gr\u00e3o ao bar, em todas as suas formas: chocolate preto, chocolate de leite, chocolate branco, chocolate de leite vegan, chocolate sem a\u00e7\u00facar, chocolate de ch\u00e1 verde, chocolate de framboesa, e at\u00e9 mesmo chocolate sem chocolate, mas com caf\u00e9! Mas tamb\u00e9m chocolates recheados com pralina e avel\u00e3 ou pistachio, incluindo Nutella caseira e at\u00e9 mesmo gianduia! Claro que explico tudo sobre temperar, sugerindo v\u00e1rios m\u00e9todos em cada fase, dependendo do seu equipamento. Desenvolvi duas f\u00f3rmulas quase m\u00e1gicas para fazer todos os chocolates do mundo. Basta colocar o que se gosta e a receita sai. Finalmente, dou-vos muitas receitas para bares e sobremesas (bolachas, madeleines, millefeuille, canel\u00e9s, chocolate quente, etc.)&#8230;  <\/p>\n\n<figure class=\"wp-block-image\"><img fetchpriority=\"high\" decoding=\"async\" width=\"820\" height=\"1094\" src=\"https:\/\/stagingapp15670.cloudwayssites.com\/wp-content\/uploads\/2020\/02\/chocolat-1.jpg\" alt=\"\" class=\"wp-image-25035\" srcset=\"https:\/\/stagingapp15670.cloudwayssites.com\/wp-content\/uploads\/2020\/02\/chocolat-1.jpg 820w, https:\/\/stagingapp15670.cloudwayssites.com\/wp-content\/uploads\/2020\/02\/chocolat-1-600x800.jpg 600w, https:\/\/stagingapp15670.cloudwayssites.com\/wp-content\/uploads\/2020\/02\/chocolat-1-225x300.jpg 225w, https:\/\/stagingapp15670.cloudwayssites.com\/wp-content\/uploads\/2020\/02\/chocolat-1-768x1024.jpg 768w, https:\/\/stagingapp15670.cloudwayssites.com\/wp-content\/uploads\/2020\/02\/chocolat-1-585x780.jpg 585w\" sizes=\"(max-width: 820px) 100vw, 820px\" \/><\/figure>\n\n<p>H\u00e1 tr\u00eas partes do livro:  <\/p>\n\n<ul class=\"wp-block-list\"><li>1-Conhecer como fazer o seu pr\u00f3prio chocolate<\/li><li>2-Receitas para barras e chocolates recheados, pastas para barrar<\/li><li>3-Tes receitas de sobremesas com chocolate<\/li><\/ul>\n\n<p>Com este livro poder\u00e1 fazer chocolate caseiro desde o feij\u00e3o at\u00e9 \u00e0 barra, mas tamb\u00e9m fazer barras sem ter de fazer o seu pr\u00f3prio chocolate, usando chocolate de marca, pois saber\u00e1 tudo sobre temperar. Eu queria que fosse o mais completo poss\u00edvel! Tudo isto num belo livro com imagens de Claire Curt e um pref\u00e1cio do pr\u00f3prio Christophe Michalak! Convido-vos a descobrir mais abaixo!  <\/p>\n\n<p>Pode encomend\u00e1-lo na sua livraria local ou nas seguintes plataformas: (clique para um link directo!). O seu pre\u00e7o \u00e9 de 15,95 euros e ser\u00e1 entregue a partir de 19 de Mar\u00e7o de 2020!<\/p>\n\n<p>Com este livro poder\u00e1 fazer chocolate caseiro desde o feij\u00e3o at\u00e9 \u00e0 barra, mas tamb\u00e9m fazer barras sem ter de fazer o seu pr\u00f3prio chocolate, usando chocolate de marca, pois saber\u00e1 tudo sobre temperar. Eu queria que fosse o mais completo poss\u00edvel! Tudo isto num belo livro com imagens de Claire Curt e um pref\u00e1cio do pr\u00f3prio Christophe Michalak! Convido-vos a descobrir mais abaixo!  <\/p>\n\n<p>Pode encomend\u00e1-lo na sua livraria local ou nas seguintes plataformas: (clique para um link directo!). O seu pre\u00e7o \u00e9 de 15,95 euros e ser\u00e1 entregue a partir de 19 de Mar\u00e7o de 2020!<\/p>\n\n<ul class=\"wp-block-list\"><li><a href=\"https:\/\/livre.fnac.com\/a14086076\/Bernard-Laurance-Je-fais-mon-chocolat-maison\" target=\"_blank\" rel=\"noopener\">Fnac<\/a><\/li><li><a href=\"https:\/\/www.amazon.fr\/Je-fais-mon-chocolat-maison\/dp\/2263169458\" target=\"_blank\" rel=\"noopener\">Amaz\u00f4nia<\/a><\/li><li><a href=\"https:\/\/www.lisez.com\/livre-cartonne\/je-fais-mon-chocolat-maison\/9782263169458\" target=\"_blank\" rel=\"noopener\">Read.com<\/a><\/li><li><a href=\"https:\/\/www.lalibrairie.com\/livres\/je-fais-mon-chocolat-maison_0-6399594_9782263169458.html?ctx=3940aee4411950d2ba4331a5c75e7da5\" target=\"_blank\" rel=\"noopener\">Lalibrairie.com<\/a><\/li><li><a href=\"https:\/\/www.gibert.com\/je-fais-mon-chocolat-maison-11599764.html\" target=\"_blank\" rel=\"noopener\">Gibert<\/a><\/li><li><a href=\"https:\/\/www.culture.leclerc\/livre-u\/loisirs-vie-pratique-u\/cuisine--vins-u\/autres-cuisine--vins-u\/je-fais-mon-chocolat-maison-9782263169458-pr\" target=\"_blank\" rel=\"noopener\">Cultura Leclerc<\/a><\/li><\/ul>\n\n<p>Estou a publicar algumas p\u00e1ginas do livro, incluindo o pref\u00e1cio e as imagens das tr\u00eas partes do livro.  <\/p>\n\n<figure class=\"wp-block-image\"><img decoding=\"async\" width=\"900\" height=\"601\" src=\"https:\/\/stagingapp15670.cloudwayssites.com\/wp-content\/uploads\/2020\/02\/couv.jpg\" alt=\"\" class=\"wp-image-25038\" srcset=\"https:\/\/stagingapp15670.cloudwayssites.com\/wp-content\/uploads\/2020\/02\/couv.jpg 900w, https:\/\/stagingapp15670.cloudwayssites.com\/wp-content\/uploads\/2020\/02\/couv-600x401.jpg 600w, https:\/\/stagingapp15670.cloudwayssites.com\/wp-content\/uploads\/2020\/02\/couv-300x200.jpg 300w, https:\/\/stagingapp15670.cloudwayssites.com\/wp-content\/uploads\/2020\/02\/couv-768x513.jpg 768w, https:\/\/stagingapp15670.cloudwayssites.com\/wp-content\/uploads\/2020\/02\/couv-585x391.jpg 585w, https:\/\/stagingapp15670.cloudwayssites.com\/wp-content\/uploads\/2020\/02\/couv-263x175.jpg 263w\" sizes=\"(max-width: 900px) 100vw, 900px\" \/><\/figure>\n\n<figure class=\"wp-block-image\"><img decoding=\"async\" src=\"https:\/\/stagingapp15670.cloudwayssites.com\/wp-content\/uploads\/2020\/02\/pre&#x301;face.jpg\" alt=\"\" class=\"wp-image-25051\"\/><\/figure>\n\n<figure class=\"wp-block-image\"><img decoding=\"async\" width=\"900\" height=\"599\" src=\"https:\/\/stagingapp15670.cloudwayssites.com\/wp-content\/uploads\/2020\/02\/concassage.jpg\" alt=\"\" class=\"wp-image-25036\" srcset=\"https:\/\/stagingapp15670.cloudwayssites.com\/wp-content\/uploads\/2020\/02\/concassage.jpg 900w, https:\/\/stagingapp15670.cloudwayssites.com\/wp-content\/uploads\/2020\/02\/concassage-600x399.jpg 600w, https:\/\/stagingapp15670.cloudwayssites.com\/wp-content\/uploads\/2020\/02\/concassage-300x200.jpg 300w, https:\/\/stagingapp15670.cloudwayssites.com\/wp-content\/uploads\/2020\/02\/concassage-768x511.jpg 768w, https:\/\/stagingapp15670.cloudwayssites.com\/wp-content\/uploads\/2020\/02\/concassage-585x389.jpg 585w, https:\/\/stagingapp15670.cloudwayssites.com\/wp-content\/uploads\/2020\/02\/concassage-263x175.jpg 263w\" sizes=\"(max-width: 900px) 100vw, 900px\" \/><\/figure>\n\n<figure class=\"wp-block-image\"><img decoding=\"async\" src=\"https:\/\/stagingapp15670.cloudwayssites.com\/wp-content\/uploads\/2020\/02\/Capture-d&#x2019;e&#x301;cran-2020-02-28-a&#x300;-14.02.48-1024x681.png\" alt=\"\" class=\"wp-image-25021\"\/><\/figure>\n\n<figure class=\"wp-block-image\"><img loading=\"lazy\" decoding=\"async\" width=\"900\" height=\"598\" src=\"https:\/\/stagingapp15670.cloudwayssites.com\/wp-content\/uploads\/2020\/02\/barres-folles.jpg\" alt=\"\" class=\"wp-image-25034\" srcset=\"https:\/\/stagingapp15670.cloudwayssites.com\/wp-content\/uploads\/2020\/02\/barres-folles.jpg 900w, https:\/\/stagingapp15670.cloudwayssites.com\/wp-content\/uploads\/2020\/02\/barres-folles-600x399.jpg 600w, https:\/\/stagingapp15670.cloudwayssites.com\/wp-content\/uploads\/2020\/02\/barres-folles-300x199.jpg 300w, https:\/\/stagingapp15670.cloudwayssites.com\/wp-content\/uploads\/2020\/02\/barres-folles-768x510.jpg 768w, https:\/\/stagingapp15670.cloudwayssites.com\/wp-content\/uploads\/2020\/02\/barres-folles-585x389.jpg 585w, https:\/\/stagingapp15670.cloudwayssites.com\/wp-content\/uploads\/2020\/02\/barres-folles-263x175.jpg 263w\" sizes=\"(max-width: 900px) 100vw, 900px\" \/><\/figure>\n\n<figure class=\"wp-block-image\"><img loading=\"lazy\" decoding=\"async\" width=\"900\" height=\"599\" src=\"https:\/\/stagingapp15670.cloudwayssites.com\/wp-content\/uploads\/2020\/02\/lait.jpg\" alt=\"\" class=\"wp-image-25041\" srcset=\"https:\/\/stagingapp15670.cloudwayssites.com\/wp-content\/uploads\/2020\/02\/lait.jpg 900w, https:\/\/stagingapp15670.cloudwayssites.com\/wp-content\/uploads\/2020\/02\/lait-600x399.jpg 600w, https:\/\/stagingapp15670.cloudwayssites.com\/wp-content\/uploads\/2020\/02\/lait-300x200.jpg 300w, https:\/\/stagingapp15670.cloudwayssites.com\/wp-content\/uploads\/2020\/02\/lait-768x511.jpg 768w, https:\/\/stagingapp15670.cloudwayssites.com\/wp-content\/uploads\/2020\/02\/lait-585x389.jpg 585w, https:\/\/stagingapp15670.cloudwayssites.com\/wp-content\/uploads\/2020\/02\/lait-263x175.jpg 263w\" sizes=\"(max-width: 900px) 100vw, 900px\" \/><\/figure>\n\n<figure class=\"wp-block-image\"><img loading=\"lazy\" decoding=\"async\" width=\"900\" height=\"599\" src=\"https:\/\/stagingapp15670.cloudwayssites.com\/wp-content\/uploads\/2020\/02\/nutella.jpg\" alt=\"\" class=\"wp-image-25050\" srcset=\"https:\/\/stagingapp15670.cloudwayssites.com\/wp-content\/uploads\/2020\/02\/nutella.jpg 900w, https:\/\/stagingapp15670.cloudwayssites.com\/wp-content\/uploads\/2020\/02\/nutella-600x399.jpg 600w, https:\/\/stagingapp15670.cloudwayssites.com\/wp-content\/uploads\/2020\/02\/nutella-300x200.jpg 300w, https:\/\/stagingapp15670.cloudwayssites.com\/wp-content\/uploads\/2020\/02\/nutella-768x511.jpg 768w, https:\/\/stagingapp15670.cloudwayssites.com\/wp-content\/uploads\/2020\/02\/nutella-585x389.jpg 585w, https:\/\/stagingapp15670.cloudwayssites.com\/wp-content\/uploads\/2020\/02\/nutella-263x175.jpg 263w\" sizes=\"(max-width: 900px) 100vw, 900px\" \/><\/figure>\n\n<figure class=\"wp-block-image\"><img loading=\"lazy\" decoding=\"async\" width=\"900\" height=\"599\" src=\"https:\/\/stagingapp15670.cloudwayssites.com\/wp-content\/uploads\/2020\/02\/micuit.jpg\" alt=\"\" class=\"wp-image-25043\" srcset=\"https:\/\/stagingapp15670.cloudwayssites.com\/wp-content\/uploads\/2020\/02\/micuit.jpg 900w, https:\/\/stagingapp15670.cloudwayssites.com\/wp-content\/uploads\/2020\/02\/micuit-600x399.jpg 600w, https:\/\/stagingapp15670.cloudwayssites.com\/wp-content\/uploads\/2020\/02\/micuit-300x200.jpg 300w, https:\/\/stagingapp15670.cloudwayssites.com\/wp-content\/uploads\/2020\/02\/micuit-768x511.jpg 768w, https:\/\/stagingapp15670.cloudwayssites.com\/wp-content\/uploads\/2020\/02\/micuit-585x389.jpg 585w, https:\/\/stagingapp15670.cloudwayssites.com\/wp-content\/uploads\/2020\/02\/micuit-263x175.jpg 263w\" sizes=\"(max-width: 900px) 100vw, 900px\" \/><\/figure>\n\n<figure class=\"wp-block-image\"><img loading=\"lazy\" decoding=\"async\" width=\"900\" height=\"600\" src=\"https:\/\/stagingapp15670.cloudwayssites.com\/wp-content\/uploads\/2020\/02\/cookies-1.jpg\" alt=\"\" class=\"wp-image-25037\" srcset=\"https:\/\/stagingapp15670.cloudwayssites.com\/wp-content\/uploads\/2020\/02\/cookies-1.jpg 900w, https:\/\/stagingapp15670.cloudwayssites.com\/wp-content\/uploads\/2020\/02\/cookies-1-600x400.jpg 600w, https:\/\/stagingapp15670.cloudwayssites.com\/wp-content\/uploads\/2020\/02\/cookies-1-300x200.jpg 300w, https:\/\/stagingapp15670.cloudwayssites.com\/wp-content\/uploads\/2020\/02\/cookies-1-768x512.jpg 768w, https:\/\/stagingapp15670.cloudwayssites.com\/wp-content\/uploads\/2020\/02\/cookies-1-585x390.jpg 585w, https:\/\/stagingapp15670.cloudwayssites.com\/wp-content\/uploads\/2020\/02\/cookies-1-263x175.jpg 263w\" sizes=\"(max-width: 900px) 100vw, 900px\" \/><\/figure>\n\n    <div class=\"xs_social_share_widget xs_share_url after_content \t\tmain_content  wslu-style-1 wslu-share-box-shaped wslu-fill-colored wslu-none wslu-share-horizontal wslu-theme-font-yes wslu-main_content\">\n\n\t\t\n            <div class=\"wslu-share-count\">\n                <span class=\"wslu-share-count--total\">0<\/span>\n                <span class=\"wslu-share-count--text\">Shares<\/span>\n            <\/div>\n\n\t\t\n        <ul>\n\t\t\t        <\/ul>\n    <\/div> \n","protected":false},"excerpt":{"rendered":"<p>\u00c9 isso mesmo! \u00c9 mais que tempo de vos falarmos disso! Estou a lan\u00e7ar o meu 5\u00ba livro, com um pref\u00e1cio de Christophe Michalak, e \u00e9 sempre com a mesma&hellip;<\/p>\n","protected":false},"author":1,"featured_media":0,"parent":0,"menu_order":0,"comment_status":"closed","ping_status":"closed","template":"","meta":{"wprm-recipe-roundup-name":"","wprm-recipe-roundup-description":"","_mi_skip_tracking":false,"_lmt_disableupdate":"","_lmt_disable":"","footnotes":""},"class_list":["post-202360","page","type-page","status-publish","format-standard","hentry"],"acf":[],"_links":{"self":[{"href":"https:\/\/stagingapp15670.cloudwayssites.com\/pt-br\/wp-json\/wp\/v2\/pages\/202360"}],"collection":[{"href":"https:\/\/stagingapp15670.cloudwayssites.com\/pt-br\/wp-json\/wp\/v2\/pages"}],"about":[{"href":"https:\/\/stagingapp15670.cloudwayssites.com\/pt-br\/wp-json\/wp\/v2\/types\/page"}],"author":[{"embeddable":true,"href":"https:\/\/stagingapp15670.cloudwayssites.com\/pt-br\/wp-json\/wp\/v2\/users\/1"}],"replies":[{"embeddable":true,"href":"https:\/\/stagingapp15670.cloudwayssites.com\/pt-br\/wp-json\/wp\/v2\/comments?post=202360"}],"version-history":[{"count":0,"href":"https:\/\/stagingapp15670.cloudwayssites.com\/pt-br\/wp-json\/wp\/v2\/pages\/202360\/revisions"}],"wp:attachment":[{"href":"https:\/\/stagingapp15670.cloudwayssites.com\/pt-br\/wp-json\/wp\/v2\/media?parent=202360"}],"curies":[{"name":"wp","href":"https:\/\/api.w.org\/{rel}","templated":true}]}}