{"id":202358,"date":"2022-06-23T13:18:13","date_gmt":"2022-06-23T11:18:13","guid":{"rendered":"https:\/\/stagingapp15670.cloudwayssites.com\/parceria"},"modified":"2022-08-17T14:55:45","modified_gmt":"2022-08-17T12:55:45","slug":"parceria","status":"publish","type":"page","link":"https:\/\/stagingapp15670.cloudwayssites.com\/pt-br\/parceria\/","title":{"rendered":"Parceria"},"content":{"rendered":"\t\t<div data-elementor-type=\"wp-page\" data-elementor-id=\"202358\" class=\"elementor elementor-202358 elementor-201070\" data-elementor-post-type=\"page\">\n\t\t\t\t\t\t<section class=\"penci-section penci-disSticky penci-structure-10 elementor-section elementor-top-section elementor-element elementor-element-f297dab elementor-section-boxed elementor-section-height-default elementor-section-height-default\" data-id=\"f297dab\" data-element_type=\"section\">\n\t\t\t\t\t\t<div class=\"elementor-container elementor-column-gap-default\">\n\t\t\t\t\t<div class=\"penci-ercol-100 penci-ercol-order-1 penci-sticky-ct    elementor-column elementor-col-100 elementor-top-column elementor-element elementor-element-448870a\" data-id=\"448870a\" data-element_type=\"column\">\n\t\t\t<div class=\"elementor-widget-wrap elementor-element-populated\">\n\t\t\t\t\t\t<div class=\"elementor-element elementor-element-83130d9 elementor-widget elementor-widget-heading\" data-id=\"83130d9\" data-element_type=\"widget\" data-widget_type=\"heading.default\">\n\t\t\t\t<div class=\"elementor-widget-container\">\n\t\t\t\t\t<h2 class=\"elementor-heading-title elementor-size-default\">Como comprar banners publicit\u00e1rios?<\/h2>\t\t\t\t<\/div>\n\t\t\t\t<\/div>\n\t\t\t\t<div class=\"elementor-element elementor-element-dd4a90d elementor-widget elementor-widget-text-editor\" data-id=\"dd4a90d\" data-element_type=\"widget\" data-widget_type=\"text-editor.default\">\n\t\t\t\t<div class=\"elementor-widget-container\">\n\t\t\t\t\t\t\t\t\t<p class=\"p1\">O Mediavine Direct permite \u00e0s marcas comprar do invent\u00e1rio do s\u00edtio participando em leil\u00f5es de publicidade nos espa\u00e7os publicit\u00e1rios.<\/p>\n<p class=\"p1\">Basta ir para o URL: https: <a href=\"https:\/\/sales.mediavine.com\/la-cuisine-de-bernard\" target=\"_blank\" rel=\"noopener\">\/\/sales.mediavine.com\/la-cuisine-de-bernard<\/a>.<\/p>\t\t\t\t\t\t\t\t<\/div>\n\t\t\t\t<\/div>\n\t\t\t\t<div class=\"elementor-element elementor-element-c1a8e79 elementor-widget elementor-widget-heading\" data-id=\"c1a8e79\" data-element_type=\"widget\" data-widget_type=\"heading.default\">\n\t\t\t\t<div class=\"elementor-widget-container\">\n\t\t\t\t\t<h3 class=\"elementor-heading-title elementor-size-default\">O que deve fazer a marca?\n<\/h3>\t\t\t\t<\/div>\n\t\t\t\t<\/div>\n\t\t\t\t<div class=\"elementor-element elementor-element-42efa75 elementor-widget elementor-widget-text-editor\" data-id=\"42efa75\" data-element_type=\"widget\" data-widget_type=\"text-editor.default\">\n\t\t\t\t<div class=\"elementor-widget-container\">\n\t\t\t\t\t\t\t\t\t<p class=\"p1\">A partir da\u00ed, pode escolher todos os detalhes da campanha que pretende criar, tais como a dura\u00e7\u00e3o da campanha, o p\u00fablico-alvo e o seu or\u00e7amento. Introduza um n\u00famero de cart\u00e3o de cr\u00e9dito e a Mediavine ir\u00e1 cobrar o pagamento.<span class=\"Apple-converted-space\"> <\/span><\/p>\t\t\t\t\t\t\t\t<\/div>\n\t\t\t\t<\/div>\n\t\t\t\t<div class=\"elementor-element elementor-element-4b2cc24 elementor-widget elementor-widget-heading\" data-id=\"4b2cc24\" data-element_type=\"widget\" data-widget_type=\"heading.default\">\n\t\t\t\t<div class=\"elementor-widget-container\">\n\t\t\t\t\t<h3 class=\"elementor-heading-title elementor-size-default\">Qual \u00e9 o or\u00e7amento m\u00ednimo?<\/h3>\t\t\t\t<\/div>\n\t\t\t\t<\/div>\n\t\t\t\t<div class=\"elementor-element elementor-element-071f553 elementor-widget elementor-widget-text-editor\" data-id=\"071f553\" data-element_type=\"widget\" data-widget_type=\"text-editor.default\">\n\t\t\t\t<div class=\"elementor-widget-container\">\n\t\t\t\t\t\t\t\t\t<p>O nosso or\u00e7amento m\u00ednimo \u00e9 de $100.<\/p><p>Os pre\u00e7os s\u00e3o actualmente definidos automaticamente com base no desempenho do s\u00edtio. O objectivo \u00e9 assegurar que o pre\u00e7o dos an\u00fancios \u00e9 suficientemente competitivo para garantir a &#8220;entrega completa&#8221;. Para ver os CPMs definidos para um local espec\u00edfico, v\u00e1 para a parte inicial da caixa. Ao escolher desenhos mais caros, aplicar\u00e1 um &#8216;multiplicador&#8217; a esta taxa base.<\/p>\t\t\t\t\t\t\t\t<\/div>\n\t\t\t\t<\/div>\n\t\t\t\t<div class=\"elementor-element elementor-element-3ae42ce elementor-widget elementor-widget-heading\" data-id=\"3ae42ce\" data-element_type=\"widget\" data-widget_type=\"heading.default\">\n\t\t\t\t<div class=\"elementor-widget-container\">\n\t\t\t\t\t<h3 class=\"elementor-heading-title elementor-size-default\">Como \u00e9 que funciona?<\/h3>\t\t\t\t<\/div>\n\t\t\t\t<\/div>\n\t\t\t\t<div class=\"elementor-element elementor-element-929ea7c elementor-widget elementor-widget-text-editor\" data-id=\"929ea7c\" data-element_type=\"widget\" data-widget_type=\"text-editor.default\">\n\t\t\t\t<div class=\"elementor-widget-container\">\n\t\t\t\t\t\t\t\t\tA partir da p\u00e1gina Mediavine Direct do site, clique em &#8220;Iniciar&#8221; e come\u00e7ar\u00e1 a sua campanha imediatamente.\n\n<img decoding=\"async\" src=\"https:\/\/stagingapp15670.cloudwayssites.com\/wp-content\/uploads\/ads-1.png\" alt=\"An\u00fancios 1\">\n\nA p\u00e1gina seguinte \u00e9 onde come\u00e7a a preparar a sua nova campanha. Preencha os seus dados e clique em Next (Seguinte) para prosseguir para o pr\u00f3ximo passo.\n\n<img decoding=\"async\" src=\"https:\/\/stagingapp15670.cloudwayssites.com\/wp-content\/uploads\/ads-2.png\" alt=\"Criativos\">\n\n&nbsp;\n\nNa p\u00e1gina das Cria\u00e7\u00f5es, ver\u00e1 os CPMs para a sua campanha.\n\nSeleccione os tamanhos de an\u00fancio com que pretende anunciar e carregue o seu modelo de an\u00fancio. Os an\u00fancios devem ser concebidos nos seguintes tamanhos, mas pode carregar tantos desenhos quantos desejar:\n\n300 x 250 pixels\n\n300 x 600 pixels\n\n320 x 50 pixels\n\n728 x 90 pixels\n\nOs ficheiros devem estar em formato JPG ou PNG. A resolu\u00e7\u00e3o deve ser de 72 ppi.\n\n<img decoding=\"async\" src=\"https:\/\/stagingapp15670.cloudwayssites.com\/wp-content\/uploads\/creatives-upload.png\" alt=\"Upload criativo\">\n\nEscolha o(s) seu(s) ficheiro(s). Pode arrastar e largar a sua imagem para a ferramenta de carregamento ou clicar para a seleccionar no seu computador.\n\nO campo Hyperlink deve incluir o URL completo do website ou p\u00e1gina de destino que o utilizador deseja que o utilizador visite. Por exemplo, um anunciante como a Netflix pode escolher https:\/\/www.netflix.com\/signup se estiver a anunciar uma oferta de ades\u00e3o para o seu servi\u00e7o.\n\n<img decoding=\"async\" src=\"https:\/\/stagingapp15670.cloudwayssites.com\/wp-content\/uploads\/screencapture-sales-mediavine-la-cuisine-de-bernard-creatives-2022-06-24-10-36-10.png\" alt=\"\">\n\nCarregue a obra de arte para qualquer outro tamanho de an\u00fancio que deseje adquirir, depois clique em Continuar.\n\nNa p\u00e1gina seguinte, Datas, escolha as datas da sua campanha e o seu or\u00e7amento. O m\u00ednimo \u00e9 de $100.\n\n<img decoding=\"async\" src=\"https:\/\/stagingapp15670.cloudwayssites.com\/wp-content\/uploads\/screencapture-sales-mediavine-la-cuisine-de-bernard-dates-2022-06-24-10-36-58.png\" alt=\"\">\n\nDepois clicar em Continuar para aceder \u00e0 p\u00e1gina de pagamento. Introduza o n\u00famero do seu cart\u00e3o de cr\u00e9dito e a data de validade e clique em Autorizar.\n\n\n\nAcabou! Receber\u00e1 um recibo por correio electr\u00f3nico. Os n\u00fameros ser\u00e3o automaticamente ajustados de acordo com o tamanho do an\u00fancio, o intervalo de datas, etc.\n\nAntes de a campanha entrar em funcionamento, teremos a oportunidade de rever a campanha. Se tiver alguma quest\u00e3o sobre o Mediavine Direct, envie-me um e-mail para contact@lacuisinedebernard.\t\t\t\t\t\t\t\t<\/div>\n\t\t\t\t<\/div>\n\t\t\t\t\t<\/div>\n\t\t<\/div>\n\t\t\t\t\t<\/div>\n\t\t<\/section>\n\t\t\t\t<\/div>\n\t\t\n    <div class=\"xs_social_share_widget xs_share_url after_content \t\tmain_content  wslu-style-1 wslu-share-box-shaped wslu-fill-colored wslu-none wslu-share-horizontal wslu-theme-font-yes wslu-main_content\">\n\n\t\t\n            <div class=\"wslu-share-count\">\n                <span class=\"wslu-share-count--total\">0<\/span>\n                <span class=\"wslu-share-count--text\">Shares<\/span>\n            <\/div>\n\n\t\t\n        <ul>\n\t\t\t        <\/ul>\n    <\/div> \n","protected":false},"excerpt":{"rendered":"<p>Como comprar banners publicit\u00e1rios? O Mediavine Direct permite \u00e0s marcas comprar do invent\u00e1rio do s\u00edtio participando em leil\u00f5es de publicidade nos espa\u00e7os publicit\u00e1rios. Basta ir para o URL: https: \/\/sales.mediavine.com\/la-cuisine-de-bernard.&hellip;<\/p>\n","protected":false},"author":5,"featured_media":0,"parent":0,"menu_order":0,"comment_status":"closed","ping_status":"closed","template":"","meta":{"wprm-recipe-roundup-name":"","wprm-recipe-roundup-description":"","_mi_skip_tracking":false,"_lmt_disableupdate":"","_lmt_disable":"","footnotes":""},"class_list":["post-202358","page","type-page","status-publish","format-standard","hentry"],"acf":[],"_links":{"self":[{"href":"https:\/\/stagingapp15670.cloudwayssites.com\/pt-br\/wp-json\/wp\/v2\/pages\/202358"}],"collection":[{"href":"https:\/\/stagingapp15670.cloudwayssites.com\/pt-br\/wp-json\/wp\/v2\/pages"}],"about":[{"href":"https:\/\/stagingapp15670.cloudwayssites.com\/pt-br\/wp-json\/wp\/v2\/types\/page"}],"author":[{"embeddable":true,"href":"https:\/\/stagingapp15670.cloudwayssites.com\/pt-br\/wp-json\/wp\/v2\/users\/5"}],"replies":[{"embeddable":true,"href":"https:\/\/stagingapp15670.cloudwayssites.com\/pt-br\/wp-json\/wp\/v2\/comments?post=202358"}],"version-history":[{"count":0,"href":"https:\/\/stagingapp15670.cloudwayssites.com\/pt-br\/wp-json\/wp\/v2\/pages\/202358\/revisions"}],"wp:attachment":[{"href":"https:\/\/stagingapp15670.cloudwayssites.com\/pt-br\/wp-json\/wp\/v2\/media?parent=202358"}],"curies":[{"name":"wp","href":"https:\/\/api.w.org\/{rel}","templated":true}]}}