{"id":277148,"date":"2022-06-22T17:46:10","date_gmt":"2022-06-22T15:46:10","guid":{"rendered":"https:\/\/stagingapp15670.cloudwayssites.com\/produit\/hago-mi-propio-chocolate"},"modified":"2024-11-08T17:53:08","modified_gmt":"2024-11-08T16:53:08","slug":"hago-mi-propio-chocolate","status":"publish","type":"product","link":"https:\/\/stagingapp15670.cloudwayssites.com\/es\/produit\/hago-mi-propio-chocolate\/","title":{"rendered":"Hago mi propio chocolate"},"content":{"rendered":"<h3>Descubre <em>\u00abJe fais mon chocolat maison\u00bb (Yo hago mi propio chocolate)<\/em> &#8211; El libro para los amantes del chocolate, disponible directamente en la tienda a 19 \u20ac.<\/h3>\n<p>\u00a1Ya es hora! Ya es hora de que presente mi 5\u00ba libro <em>, \u00abJe fais mon chocolat maison\u00bb (Yo hago mi propio chocolate)<\/em>, \u00a1con pr\u00f3logo del gran Christophe Michalak! Publicado por Solar, este proyecto es un verdadero homenaje al chocolate en todas sus formas, y estoy encantada de desvel\u00e1rtelo. Este libro de 160 p\u00e1ginas es una inmersi\u00f3n en el mundo del chocolate casero, con recetas y consejos que he ido afinando durante meses para hacerlos accesibles y reproducibles en casa.<br \/>\nA <strong>cerca de este libro:<\/strong> Tanto si eres fan del chocolate negro, con leche, blanco, vegano o sin az\u00facar, como si sue\u00f1as con chocolate con t\u00e9 verde, frambuesas o incluso chocolate sin chocolate pero con caf\u00e9, \u00a1este es tu libro! Tambi\u00e9n descubrir\u00e1s c\u00f3mo hacer tus propios pralin\u00e9s, cremas caseras para untar (\u00a1incluida una deliciosa Nutella casera!) y mucho m\u00e1s. He dividido este libro en tres partes esenciales para ayudarte a dominar el chocolate de la A a la Z:   <\/p>\n<ol>\n<li><strong>Todo lo que necesitas saber para hacer tu propio chocolate<\/strong> &#8211; Las t\u00e9cnicas esenciales para crear chocolate, desde el haba hasta la tableta, pasando por todas las etapas de atemperado, con varios m\u00e9todos seg\u00fan tu equipo.<\/li>\n<li><strong>Recetas de tabletas de chocolate, bombones rellenos y cremas para untar<\/strong> &#8211; Haz tus propias tabletas de chocolate y descubre rellenos gourmet con avellanas, pistachos y otras delicias.<\/li>\n<li><strong>Los postres de chocolate imprescindibles<\/strong>: galletas, magdalenas, milhojas, canel\u00e9s, chocolate caliente y mucho m\u00e1s.<\/li>\n<\/ol>\n<p>Incluso he desarrollado dos f\u00f3rmulas \u00abm\u00e1gicas\u00bb que te permiten crear tus propios bombones \u00a1simplemente eligiendo los ingredientes que m\u00e1s te gusten!<\/p>\n<p><strong>\u00bfPor qu\u00e9 pedir este libro?<\/strong><br \/>\n<em>Je fais mon chocolat maison (Yo hago mi propio chocolate)<\/em> no es s\u00f3lo un libro de recetas; te gu\u00eda para que te conviertas en un experto en hacer tu propio chocolate, incluso sin equipo profesional. Podr\u00e1s hacer tabletas directamente a partir de chocolates de marca mientras dominas el atemperado. Este libro se ha dise\u00f1ado para que sea lo m\u00e1s completo posible, y cada paso est\u00e1 ilustrado con las hermosas fotograf\u00edas de Claire Curt.<br \/>\nP <strong>ide tu ejemplar directamente a m\u00ed por 19 \u20ac!<\/strong> Al comprar este libro directamente<a href=\"https:\/\/stagingapp15670.cloudwayssites.com\/produit\/je-fais-mon-chocolat-maison\/\" target=\"_new\" rel=\"noopener\">aqu\u00ed<\/a>, apoyas mi trabajo y me animas a continuar mis creaciones para ofrecerte a\u00fan m\u00e1s recetas y consejos. \u00a1Tambi\u00e9n es un regalo estupendo para los amantes del chocolate! <em>Je fais mon chocolat maison<\/em> es la gu\u00eda perfecta para cualquiera que desee explorar y perfeccionar el arte del chocolate casero. Con m\u00e1s de 50 recetas y t\u00e9cnicas, sabr\u00e1s todo lo que hay que saber sobre este mundo gourmet. \u00bfEst\u00e1s preparado para sumergirte en el mundo del chocolate? \u00a1P\u00eddelo hoy para descubrir todas las maravillas de chocolate que te esperan!  <\/p>\n","protected":false},"excerpt":{"rendered":"<p>Negro, blanco o con leche, el chocolate ya no tendr\u00e1 secretos para ti. Aqu\u00ed tienes un libro pr\u00e1ctico, completo y delicioso que te cuenta todo lo que necesitas saber sobre el cacao en grano y c\u00f3mo elaborar tus propias tabletas de chocolate y, por supuesto, deliciosos postres de chocolate. Gracias a este hermoso y pr\u00e1ctico libro, con prefacio de Christophe Michalak, podr\u00e1s descubrir el cacao en todas sus formas y aprender a hacer tu propio chocolate. Desde el tostado y el atemperado hasta la trituraci\u00f3n, el aventado y el conchado, cada etapa est\u00e1 ilustrada paso a paso y explicada en t\u00e9rminos sencillos. <\/p>\n","protected":false},"featured_media":314539,"comment_status":"open","ping_status":"closed","template":"","format":"standard","meta":{"_acf_changed":false,"wprm-recipe-roundup-name":"","wprm-recipe-roundup-description":"","_lmt_disableupdate":"","_lmt_disable":""},"product_brand":[],"product_cat":[7013],"product_tag":[10514],"class_list":{"0":"post-277148","1":"product","2":"type-product","3":"status-publish","4":"format-standard","5":"has-post-thumbnail","7":"product_cat-libros","8":"product_tag-chocolate-casero","10":"first","11":"instock","12":"shipping-taxable","13":"purchasable","14":"product-type-simple"},"acf":[],"_links":{"self":[{"href":"https:\/\/stagingapp15670.cloudwayssites.com\/es\/wp-json\/wp\/v2\/product\/277148","targetHints":{"allow":["GET"]}}],"collection":[{"href":"https:\/\/stagingapp15670.cloudwayssites.com\/es\/wp-json\/wp\/v2\/product"}],"about":[{"href":"https:\/\/stagingapp15670.cloudwayssites.com\/es\/wp-json\/wp\/v2\/types\/product"}],"replies":[{"embeddable":true,"href":"https:\/\/stagingapp15670.cloudwayssites.com\/es\/wp-json\/wp\/v2\/comments?post=277148"}],"wp:featuredmedia":[{"embeddable":true,"href":"https:\/\/stagingapp15670.cloudwayssites.com\/es\/wp-json\/wp\/v2\/media\/314539"}],"wp:attachment":[{"href":"https:\/\/stagingapp15670.cloudwayssites.com\/es\/wp-json\/wp\/v2\/media?parent=277148"}],"wp:term":[{"taxonomy":"product_brand","embeddable":true,"href":"https:\/\/stagingapp15670.cloudwayssites.com\/es\/wp-json\/wp\/v2\/product_brand?post=277148"},{"taxonomy":"product_cat","embeddable":true,"href":"https:\/\/stagingapp15670.cloudwayssites.com\/es\/wp-json\/wp\/v2\/product_cat?post=277148"},{"taxonomy":"product_tag","embeddable":true,"href":"https:\/\/stagingapp15670.cloudwayssites.com\/es\/wp-json\/wp\/v2\/product_tag?post=277148"}],"curies":[{"name":"wp","href":"https:\/\/api.w.org\/{rel}","templated":true}]}}