{"id":277128,"date":"2022-06-22T17:43:31","date_gmt":"2022-06-22T15:43:31","guid":{"rendered":"https:\/\/stagingapp15670.cloudwayssites.com\/produit\/vegetariano-mi-vuelta-al-mundo-en-mas-de-115-recetas-vegetarianas-saladas-y-dulces"},"modified":"2022-06-22T17:43:31","modified_gmt":"2022-06-22T15:43:31","slug":"vegetariano-mi-vuelta-al-mundo-en-mas-de-115-recetas-vegetarianas-saladas-y-dulces","status":"publish","type":"product","link":"https:\/\/stagingapp15670.cloudwayssites.com\/es\/produit\/vegetariano-mi-vuelta-al-mundo-en-mas-de-115-recetas-vegetarianas-saladas-y-dulces\/","title":{"rendered":"Vegetariano: Mi vuelta al mundo en m\u00e1s de 115 recetas vegetarianas, saladas y dulces"},"content":{"rendered":"\n    <div class=\"xs_social_share_widget xs_share_url after_content \t\tmain_content  wslu-style-1 wslu-share-box-shaped wslu-fill-colored wslu-none wslu-share-horizontal wslu-theme-font-yes wslu-main_content\">\n\n\t\t\n            <div class=\"wslu-share-count\">\n                <span class=\"wslu-share-count--total\">0<\/span>\n                <span class=\"wslu-share-count--text\">Shares<\/span>\n            <\/div>\n\n\t\t\n        <ul>\n\t\t\t        <\/ul>\n    <\/div> \n","protected":false},"excerpt":{"rendered":"<p>Bernard Laurance comienza a cocinar de forma 100% vegetariana. Como verdadero entusiasta, el autor recorre el mundo en busca de las mejores recetas recogidas en sus viajes por Europa, \u00c1frica y Oriente Medio, Am\u00e9rica y toda Asia. Aqu\u00ed te presenta las m\u00e1s tentadoras recetas vegetarianas, veganas, sin gluten y sin lactosa. Con Bernard, comer sano es sin\u00f3nimo de sabroso y delicioso. Desde los aperitivos hasta los postres, \u00a1m\u00e1s de 115 deliciosas y originales recetas para poner en manos de todos!<\/p>\n","protected":false},"featured_media":0,"comment_status":"open","ping_status":"closed","template":"","format":"standard","meta":{"wprm-recipe-roundup-name":"","wprm-recipe-roundup-description":"","_mi_skip_tracking":false,"_lmt_disableupdate":"","_lmt_disable":""},"product_cat":[7013],"product_tag":[],"class_list":{"0":"post-277128","1":"product","2":"type-product","3":"status-publish","4":"format-standard","6":"product_cat-libros","8":"first","9":"instock","10":"shipping-taxable","11":"product-type-simple"},"acf":[],"_links":{"self":[{"href":"https:\/\/stagingapp15670.cloudwayssites.com\/es\/wp-json\/wp\/v2\/product\/277128"}],"collection":[{"href":"https:\/\/stagingapp15670.cloudwayssites.com\/es\/wp-json\/wp\/v2\/product"}],"about":[{"href":"https:\/\/stagingapp15670.cloudwayssites.com\/es\/wp-json\/wp\/v2\/types\/product"}],"replies":[{"embeddable":true,"href":"https:\/\/stagingapp15670.cloudwayssites.com\/es\/wp-json\/wp\/v2\/comments?post=277128"}],"wp:attachment":[{"href":"https:\/\/stagingapp15670.cloudwayssites.com\/es\/wp-json\/wp\/v2\/media?parent=277128"}],"wp:term":[{"taxonomy":"product_cat","embeddable":true,"href":"https:\/\/stagingapp15670.cloudwayssites.com\/es\/wp-json\/wp\/v2\/product_cat?post=277128"},{"taxonomy":"product_tag","embeddable":true,"href":"https:\/\/stagingapp15670.cloudwayssites.com\/es\/wp-json\/wp\/v2\/product_tag?post=277128"}],"curies":[{"name":"wp","href":"https:\/\/api.w.org\/{rel}","templated":true}]}}