{"id":277119,"date":"2022-06-22T17:44:18","date_gmt":"2022-06-22T15:44:18","guid":{"rendered":"https:\/\/stagingapp15670.cloudwayssites.com\/produit\/la-cocina-de-bernard-mis-150-mejores-recetas"},"modified":"2022-06-22T17:44:18","modified_gmt":"2022-06-22T15:44:18","slug":"la-cocina-de-bernard-mis-150-mejores-recetas","status":"publish","type":"product","link":"https:\/\/stagingapp15670.cloudwayssites.com\/es\/produit\/la-cocina-de-bernard-mis-150-mejores-recetas\/","title":{"rendered":"La cocina de Bernard: Mis 150 mejores recetas"},"content":{"rendered":"","protected":false},"excerpt":{"rendered":"<p>Rollos de primavera, pissaladi\u00e8re, pao de quejo, pat\u00e9 de anacardos, cusc\u00fas bereber, ternera crujiente con salsa de caramelo o de guindilla, patatas gratinadas con ceps, babka neoyorquina con canela, o el famoso asesino&#8230; Aqu\u00ed est\u00e1 lo mejor de la Cocina de Bernard: f\u00e1ciles, de todo el mundo, probadas, deliciosas, son m\u00e1s de 150 recetas, \u00a1un 25% de ellas nuevas!<\/p>\n","protected":false},"featured_media":0,"comment_status":"open","ping_status":"closed","template":"","format":"standard","meta":{"_acf_changed":false,"wprm-recipe-roundup-name":"","wprm-recipe-roundup-description":"","_lmt_disableupdate":"","_lmt_disable":""},"product_brand":[],"product_cat":[7013],"product_tag":[],"class_list":{"0":"post-277119","1":"product","2":"type-product","3":"status-publish","4":"format-standard","6":"product_cat-libros","8":"first","9":"instock","10":"shipping-taxable","11":"product-type-simple"},"acf":[],"_links":{"self":[{"href":"https:\/\/stagingapp15670.cloudwayssites.com\/es\/wp-json\/wp\/v2\/product\/277119","targetHints":{"allow":["GET"]}}],"collection":[{"href":"https:\/\/stagingapp15670.cloudwayssites.com\/es\/wp-json\/wp\/v2\/product"}],"about":[{"href":"https:\/\/stagingapp15670.cloudwayssites.com\/es\/wp-json\/wp\/v2\/types\/product"}],"replies":[{"embeddable":true,"href":"https:\/\/stagingapp15670.cloudwayssites.com\/es\/wp-json\/wp\/v2\/comments?post=277119"}],"wp:attachment":[{"href":"https:\/\/stagingapp15670.cloudwayssites.com\/es\/wp-json\/wp\/v2\/media?parent=277119"}],"wp:term":[{"taxonomy":"product_brand","embeddable":true,"href":"https:\/\/stagingapp15670.cloudwayssites.com\/es\/wp-json\/wp\/v2\/product_brand?post=277119"},{"taxonomy":"product_cat","embeddable":true,"href":"https:\/\/stagingapp15670.cloudwayssites.com\/es\/wp-json\/wp\/v2\/product_cat?post=277119"},{"taxonomy":"product_tag","embeddable":true,"href":"https:\/\/stagingapp15670.cloudwayssites.com\/es\/wp-json\/wp\/v2\/product_tag?post=277119"}],"curies":[{"name":"wp","href":"https:\/\/api.w.org\/{rel}","templated":true}]}}