{"id":277111,"date":"2022-06-22T17:44:53","date_gmt":"2022-06-22T15:44:53","guid":{"rendered":"https:\/\/stagingapp15670.cloudwayssites.com\/produit\/voy-a-dar-un-bocado-una-vuelta-al-mundo-de-las-recetas-para-comer"},"modified":"2022-06-22T17:44:53","modified_gmt":"2022-06-22T15:44:53","slug":"voy-a-dar-un-bocado-una-vuelta-al-mundo-de-las-recetas-para-comer","status":"publish","type":"product","link":"https:\/\/stagingapp15670.cloudwayssites.com\/es\/produit\/voy-a-dar-un-bocado-una-vuelta-al-mundo-de-las-recetas-para-comer\/","title":{"rendered":"Voy a dar un bocado: Una vuelta al mundo de las recetas para comer"},"content":{"rendered":"","protected":false},"excerpt":{"rendered":"<div id=\"bookDescription_feature_div\" class=\"celwidget\" data-feature-name=\"bookDescription\" data-csa-c-id=\"qrkeny-lha4bh-6koya2-yrf900\" data-cel-widget=\"bookDescription_feature_div\">\n<div class=\"a-expander-collapsed-height a-row a-expander-container a-spacing-base a-expander-partial-collapse-container\" data-a-expander-name=\"book_description_expander\" data-a-expander-collapsed-height=\"140\">\n<div class=\"a-expander-content a-expander-partial-collapse-content\" aria-expanded=\"false\">Como verdadero entusiasta, recorre el mundo en busca de las mejores recetas recogidas en sus viajes por Europa, \u00c1frica y Oriente Medio, Am\u00e9rica y toda Asia. Tome un bocado, coma con los dedos todos estos peque\u00f1os bocados preparados para aperitivos con amigos, picnics, reg\u00e1lese un macarr\u00f3n de foie gras, un plato de makis caseros, una brocheta de pollo ba\u00f1ada en una deliciosa salsa satay&#8230; \u00bfC\u00f3mo podemos resistirnos a todas las delicias que Bernard nos tiene preparadas?<\/div>\n<\/div>\n<\/div>\n","protected":false},"featured_media":0,"comment_status":"open","ping_status":"closed","template":"","format":"standard","meta":{"_acf_changed":false,"wprm-recipe-roundup-name":"","wprm-recipe-roundup-description":"","_lmt_disableupdate":"","_lmt_disable":""},"product_brand":[],"product_cat":[7013],"product_tag":[],"class_list":{"0":"post-277111","1":"product","2":"type-product","3":"status-publish","4":"format-standard","6":"product_cat-libros","8":"first","9":"instock","10":"shipping-taxable","11":"product-type-simple"},"acf":[],"_links":{"self":[{"href":"https:\/\/stagingapp15670.cloudwayssites.com\/es\/wp-json\/wp\/v2\/product\/277111","targetHints":{"allow":["GET"]}}],"collection":[{"href":"https:\/\/stagingapp15670.cloudwayssites.com\/es\/wp-json\/wp\/v2\/product"}],"about":[{"href":"https:\/\/stagingapp15670.cloudwayssites.com\/es\/wp-json\/wp\/v2\/types\/product"}],"replies":[{"embeddable":true,"href":"https:\/\/stagingapp15670.cloudwayssites.com\/es\/wp-json\/wp\/v2\/comments?post=277111"}],"wp:attachment":[{"href":"https:\/\/stagingapp15670.cloudwayssites.com\/es\/wp-json\/wp\/v2\/media?parent=277111"}],"wp:term":[{"taxonomy":"product_brand","embeddable":true,"href":"https:\/\/stagingapp15670.cloudwayssites.com\/es\/wp-json\/wp\/v2\/product_brand?post=277111"},{"taxonomy":"product_cat","embeddable":true,"href":"https:\/\/stagingapp15670.cloudwayssites.com\/es\/wp-json\/wp\/v2\/product_cat?post=277111"},{"taxonomy":"product_tag","embeddable":true,"href":"https:\/\/stagingapp15670.cloudwayssites.com\/es\/wp-json\/wp\/v2\/product_tag?post=277111"}],"curies":[{"name":"wp","href":"https:\/\/api.w.org\/{rel}","templated":true}]}}