{"id":277105,"date":"2022-06-02T05:58:37","date_gmt":"2022-06-02T03:58:37","guid":{"rendered":"https:\/\/stagingapp15670.cloudwayssites.com\/produit\/escandalosamente-decadente-recetas-de-reposteria-divina-a-la-altura-de-lo-mas-delicioso"},"modified":"2022-06-02T05:58:37","modified_gmt":"2022-06-02T03:58:37","slug":"escandalosamente-decadente-recetas-de-reposteria-divina-a-la-altura-de-lo-mas-delicioso","status":"publish","type":"product","link":"https:\/\/stagingapp15670.cloudwayssites.com\/es\/produit\/escandalosamente-decadente-recetas-de-reposteria-divina-a-la-altura-de-lo-mas-delicioso\/","title":{"rendered":"Escandalosamente decadente: Recetas de reposter\u00eda divina a la altura de lo m\u00e1s delicioso"},"content":{"rendered":"<p>Mi nuevo libro ha salido a la venta. Est\u00e1 disponible en su librer\u00eda local y en todas las plataformas de viento. Este libro es un compendio de indulgencia. Aqu\u00ed he tomado todo lo que me gusta: gourmet, sabroso, suave, crujiente, fundente, pero sobre todo, factible y delicioso. \u00a1Cerca de 100 recetas sin censura y escandalosamente decadentes te esperan en este hermoso libro! Tambi\u00e9n tuve la suerte de tener 4 invitados en mi libro: Aur\u00e9lien Cohen<a class=\"rank-math-link\" href=\"https:\/\/www.instagram.com\/aureliencohen\/\" target=\"_blank\" rel=\"noopener\">(su Instagram AQU\u00cd)<\/a>&nbsp;que ofrece su receta de tartas Cara&#8217;hu\u00e8tes, Christophe Amav<a class=\"rank-math-link\" href=\"https:\/\/www.instagram.com\/christopheamav\/\" target=\"_blank\" rel=\"noopener\">(su Instagram AQU\u00cd)<\/a>&nbsp;con deliciosos hojaldres de pistacho y frambuesa, Hamaid, alias Jekocat<a class=\"rank-math-link\" href=\"https:\/\/www.instagram.com\/jekocat\/\" target=\"_blank\" rel=\"noopener\">(su Instagram AQU\u00cd)<\/a>&nbsp;con una adaptaci\u00f3n a\u00fan m\u00e1s loca de mi tarta de avellanas definitiva y finalmente Fr\u00e9d\u00e9ric Leguen Geffroy\u00a1<a class=\"rank-math-link\" href=\"https:\/\/www.instagram.com\/frederic_le_guen_geffroy\/\" target=\"_blank\" rel=\"noopener\">(su Instagram AQU\u00cd)<\/a>&nbsp;con un incre\u00edble pastel de chocolate! \u00a1Presento a continuaci\u00f3n algunas p\u00e1ginas del libro con las fotograf\u00edas de Claire Curt!<\/p>\n\n    <div class=\"xs_social_share_widget xs_share_url after_content \t\tmain_content  wslu-style-1 wslu-share-box-shaped wslu-fill-colored wslu-none wslu-share-horizontal wslu-theme-font-yes wslu-main_content\">\n\n\t\t\n            <div class=\"wslu-share-count\">\n                <span class=\"wslu-share-count--total\">0<\/span>\n                <span class=\"wslu-share-count--text\">Shares<\/span>\n            <\/div>\n\n\t\t\n        <ul>\n\t\t\t        <\/ul>\n    <\/div> \n","protected":false},"excerpt":{"rendered":"<p>Este libro es un compendio de indulgencia. Bernard Laurance ha asumido todo lo que ha hecho que su blog tenga tanto \u00e9xito: gourmet, asertivo, suave, crujiente, fundente, pero sobre todo factible y delicioso. \u00a1Cerca de 100 recetas sin censura y escandalosamente decadentes te esperan en este hermoso libro!<\/p>\n","protected":false},"featured_media":0,"comment_status":"open","ping_status":"closed","template":"","format":"standard","meta":{"wprm-recipe-roundup-name":"","wprm-recipe-roundup-description":"","_mi_skip_tracking":false,"_lmt_disableupdate":"","_lmt_disable":""},"product_cat":[7013],"product_tag":[],"class_list":{"0":"post-277105","1":"product","2":"type-product","3":"status-publish","4":"format-standard","6":"product_cat-libros","8":"first","9":"instock","10":"shipping-taxable","11":"product-type-external"},"acf":[],"_links":{"self":[{"href":"https:\/\/stagingapp15670.cloudwayssites.com\/es\/wp-json\/wp\/v2\/product\/277105"}],"collection":[{"href":"https:\/\/stagingapp15670.cloudwayssites.com\/es\/wp-json\/wp\/v2\/product"}],"about":[{"href":"https:\/\/stagingapp15670.cloudwayssites.com\/es\/wp-json\/wp\/v2\/types\/product"}],"replies":[{"embeddable":true,"href":"https:\/\/stagingapp15670.cloudwayssites.com\/es\/wp-json\/wp\/v2\/comments?post=277105"}],"wp:attachment":[{"href":"https:\/\/stagingapp15670.cloudwayssites.com\/es\/wp-json\/wp\/v2\/media?parent=277105"}],"wp:term":[{"taxonomy":"product_cat","embeddable":true,"href":"https:\/\/stagingapp15670.cloudwayssites.com\/es\/wp-json\/wp\/v2\/product_cat?post=277105"},{"taxonomy":"product_tag","embeddable":true,"href":"https:\/\/stagingapp15670.cloudwayssites.com\/es\/wp-json\/wp\/v2\/product_tag?post=277105"}],"curies":[{"name":"wp","href":"https:\/\/api.w.org\/{rel}","templated":true}]}}