{"id":283326,"date":"2022-08-17T11:57:03","date_gmt":"2022-08-17T09:57:03","guid":{"rendered":"https:\/\/stagingapp15670.cloudwayssites.com\/afiliacion-al-club"},"modified":"2022-08-17T17:51:16","modified_gmt":"2022-08-17T15:51:16","slug":"afiliacion-al-club","status":"publish","type":"page","link":"https:\/\/stagingapp15670.cloudwayssites.com\/es\/afiliacion-al-club\/","title":{"rendered":"Afiliaci\u00f3n al club"},"content":{"rendered":"\t\t<div data-elementor-type=\"wp-page\" data-elementor-id=\"283326\" class=\"elementor elementor-283326 elementor-283074\" data-elementor-post-type=\"page\">\n\t\t\t\t\t\t<section class=\"penci-section penci-disSticky penci-structure-10 elementor-section elementor-top-section elementor-element elementor-element-626f0fb elementor-section-boxed elementor-section-height-default elementor-section-height-default\" data-id=\"626f0fb\" data-element_type=\"section\">\n\t\t\t\t\t\t<div class=\"elementor-container elementor-column-gap-default\">\n\t\t\t\t\t<div class=\"penci-ercol-100 penci-ercol-order-1 penci-sticky-ct    elementor-column elementor-col-100 elementor-top-column elementor-element elementor-element-c0bdcf9\" data-id=\"c0bdcf9\" data-element_type=\"column\">\n\t\t\t<div class=\"elementor-widget-wrap elementor-element-populated\">\n\t\t\t\t\t\t<div class=\"elementor-element elementor-element-05d127b elementor-tabs-alignment-center elementor-tabs-view-horizontal elementor-widget elementor-widget-tabs\" data-id=\"05d127b\" data-element_type=\"widget\" data-widget_type=\"tabs.default\">\n\t\t\t\t<div class=\"elementor-widget-container\">\n\t\t\t\t\t\t\t<div class=\"elementor-tabs\">\n\t\t\t<div class=\"elementor-tabs-wrapper\" role=\"tablist\" >\n\t\t\t\t\t\t\t\t\t<div id=\"elementor-tab-title-6091\" class=\"elementor-tab-title elementor-tab-desktop-title\" aria-selected=\"true\" data-tab=\"1\" role=\"tab\" tabindex=\"0\" aria-controls=\"elementor-tab-content-6091\" aria-expanded=\"false\">Mensualmente<\/div>\n\t\t\t\t\t\t\t\t\t<div id=\"elementor-tab-title-6092\" class=\"elementor-tab-title elementor-tab-desktop-title\" aria-selected=\"false\" data-tab=\"2\" role=\"tab\" tabindex=\"-1\" aria-controls=\"elementor-tab-content-6092\" aria-expanded=\"false\">Anual<\/div>\n\t\t\t\t\t\t\t<\/div>\n\t\t\t<div class=\"elementor-tabs-content-wrapper\" role=\"tablist\" aria-orientation=\"vertical\">\n\t\t\t\t\t\t\t\t\t<div class=\"elementor-tab-title elementor-tab-mobile-title\" aria-selected=\"true\" data-tab=\"1\" role=\"tab\" tabindex=\"0\" aria-controls=\"elementor-tab-content-6091\" aria-expanded=\"false\">Mensualmente<\/div>\n\t\t\t\t\t<div id=\"elementor-tab-content-6091\" class=\"elementor-tab-content elementor-clearfix\" data-tab=\"1\" role=\"tabpanel\" aria-labelledby=\"elementor-tab-title-6091\" tabindex=\"0\" hidden=\"false\">\t\t<div data-elementor-type=\"section\" data-elementor-id=\"283631\" class=\"elementor elementor-283631 elementor-283094\" data-elementor-post-type=\"elementor_library\">\n\t\t\t\t\t<section class=\"penci-section penci-disSticky penci-structure-10 elementor-section elementor-top-section elementor-element elementor-element-47ee897 elementor-section-boxed elementor-section-height-default elementor-section-height-default\" data-id=\"47ee897\" data-element_type=\"section\">\n\t\t\t\t\t\t<div class=\"elementor-container elementor-column-gap-default\">\n\t\t\t\t\t<div class=\"penci-ercol-100 penci-ercol-order-1 penci-sticky-ct    elementor-column elementor-col-100 elementor-top-column elementor-element elementor-element-bf8b1d8\" data-id=\"bf8b1d8\" data-element_type=\"column\">\n\t\t\t<div class=\"elementor-widget-wrap\">\n\t\t\t\t\t\t\t<\/div>\n\t\t<\/div>\n\t\t\t\t\t<\/div>\n\t\t<\/section>\n\t\t\t\t<section class=\"penci-section penci-disSticky penci-structure-10 elementor-section elementor-top-section elementor-element elementor-element-f763a31 elementor-section-boxed elementor-section-height-default elementor-section-height-default\" data-id=\"f763a31\" data-element_type=\"section\">\n\t\t\t\t\t\t<div class=\"elementor-container elementor-column-gap-default\">\n\t\t\t\t\t<div class=\"penci-ercol-100 penci-ercol-order-1 penci-sticky-ct    elementor-column elementor-col-100 elementor-top-column elementor-element elementor-element-cd9a69c\" data-id=\"cd9a69c\" data-element_type=\"column\">\n\t\t\t<div class=\"elementor-widget-wrap elementor-element-populated\">\n\t\t\t\t\t\t<div class=\"elementor-element elementor-element-b9835d0 elementor-widget elementor-widget-penci-pricing-table\" data-id=\"b9835d0\" data-element_type=\"widget\" data-widget_type=\"penci-pricing-table.default\">\n\t\t\t\t<div class=\"elementor-widget-container\">\n\t\t\t\t\t        <div class=\"penci-block-vc penci-pricing-table penci-pricing-item penci-pricing-f-hheight penci-pricing-btn-below penci-pricing-s2\">\n\t\t\t            <div class=\"penci-block_content penci-pricing-inner\">\n\t\t\t\t<div class=\"penci-pricing-header\"><div class=\"penci-pricing-title\">Abonnement mensuel<\/div><div class=\"penci-pricing-subtitle\">1 semaine offerte !<\/div><\/div><div class=\"penci-price-unit\"><span class=\"penci-pricing-price\">9,99\u20ac<\/span><span class=\"penci-pricing-unit\">\/mois<\/span><\/div><div class=\"penci-pricing-featured\"><ul>\n<li>Pas de publicit\u00e9<\/li>\n<li>Cr\u00e9ez des collections<\/li>\n<li>Ajoutez des notes priv\u00e9es aux recettes.<\/li>\n<li>Des recettes vid\u00e9o premium chaque mois (Arrive bient\u00f4t)<\/li>\n<li>Des Lives avec le Chef tout au long de l\u2019ann\u00e9e (Arrive bient\u00f4t)<\/li>\n<li>Soutenez Bernard et une r\u00e9daction ind\u00e9pendante.<\/li>\n<\/ul>\n<\/div><div class=\"penci-pricing-pbutton\"><a class=\"penci-pricing-btn penci-button\" href=\"https:\/\/stagingapp15670.cloudwayssites.com\/inscription\/premium\">Rejoindre le club !<\/a><\/div>            <\/div>\n        <\/div>\n\t\t\t\t\t\t<\/div>\n\t\t\t\t<\/div>\n\t\t\t\t\t<\/div>\n\t\t<\/div>\n\t\t\t\t\t<\/div>\n\t\t<\/section>\n\t\t\t\t<\/div>\n\t\t<\/div>\n\t\t\t\t\t\t\t\t\t<div class=\"elementor-tab-title elementor-tab-mobile-title\" aria-selected=\"false\" data-tab=\"2\" role=\"tab\" tabindex=\"-1\" aria-controls=\"elementor-tab-content-6092\" aria-expanded=\"false\">Anual<\/div>\n\t\t\t\t\t<div id=\"elementor-tab-content-6092\" class=\"elementor-tab-content elementor-clearfix\" data-tab=\"2\" role=\"tabpanel\" aria-labelledby=\"elementor-tab-title-6092\" tabindex=\"0\" hidden=\"hidden\">\t\t<div data-elementor-type=\"page\" data-elementor-id=\"283639\" class=\"elementor elementor-283639 elementor-283106\" data-elementor-post-type=\"elementor_library\">\n\t\t\t\t\t\t<section class=\"penci-section penci-disSticky penci-structure-10 elementor-section elementor-top-section elementor-element elementor-element-47ee897 elementor-section-boxed elementor-section-height-default elementor-section-height-default\" data-id=\"47ee897\" data-element_type=\"section\">\n\t\t\t\t\t\t<div class=\"elementor-container elementor-column-gap-default\">\n\t\t\t\t\t<div class=\"penci-ercol-100 penci-ercol-order-1 penci-sticky-ct    elementor-column elementor-col-100 elementor-top-column elementor-element elementor-element-bf8b1d8\" data-id=\"bf8b1d8\" data-element_type=\"column\">\n\t\t\t<div class=\"elementor-widget-wrap\">\n\t\t\t\t\t\t\t<\/div>\n\t\t<\/div>\n\t\t\t\t\t<\/div>\n\t\t<\/section>\n\t\t\t\t<section class=\"penci-section penci-disSticky penci-structure-10 elementor-section elementor-top-section elementor-element elementor-element-f763a31 elementor-section-boxed elementor-section-height-default elementor-section-height-default\" data-id=\"f763a31\" data-element_type=\"section\">\n\t\t\t\t\t\t<div class=\"elementor-container elementor-column-gap-default\">\n\t\t\t\t\t<div class=\"penci-ercol-100 penci-ercol-order-1 penci-sticky-ct    elementor-column elementor-col-100 elementor-top-column elementor-element elementor-element-cd9a69c\" data-id=\"cd9a69c\" data-element_type=\"column\">\n\t\t\t<div class=\"elementor-widget-wrap elementor-element-populated\">\n\t\t\t\t\t\t<div class=\"elementor-element elementor-element-b9835d0 elementor-widget elementor-widget-penci-pricing-table\" data-id=\"b9835d0\" data-element_type=\"widget\" data-widget_type=\"penci-pricing-table.default\">\n\t\t\t\t<div class=\"elementor-widget-container\">\n\t\t\t\t\t        <div class=\"penci-block-vc penci-pricing-table penci-pricing-item penci-pricing-f-hheight penci-pricing-btn-below penci-pricing-s2\">\n\t\t\t            <div class=\"penci-block_content penci-pricing-inner\">\n\t\t\t\t<div class=\"penci-pricing-header\"><div class=\"penci-pricing-title\">Abonnement Annuel<\/div><div class=\"penci-pricing-subtitle\">1 semaine offerte !<\/div><\/div><div class=\"penci-price-unit\"><span class=\"penci-pricing-price\">99\u20ac<\/span><span class=\"penci-pricing-unit\">\/an<\/span><\/div><div class=\"penci-pricing-featured\"><ul>\n<li>Pas de publicit\u00e9<\/li>\n<li>Cr\u00e9ez des collections<\/li>\n<li>Ajoutez des notes priv\u00e9es aux recettes.<\/li>\n<li>Des recettes vid\u00e9o premium chaque mois (Arrive bient\u00f4t)<\/li>\n<li>Des Lives avec le Chef tout au long de l\u2019ann\u00e9e (Arrive bient\u00f4t)<\/li>\n<li>Soutenez Bernard et une r\u00e9daction ind\u00e9pendante.<\/li>\n<\/ul>\n<\/div><div class=\"penci-pricing-pbutton\"><a class=\"penci-pricing-btn penci-button\" href=\"https:\/\/stagingapp15670.cloudwayssites.com\/inscription\/premium-annuel\">Rejoindre le club !<\/a><\/div>            <\/div>\n        <\/div>\n\t\t\t\t\t\t<\/div>\n\t\t\t\t<\/div>\n\t\t\t\t\t<\/div>\n\t\t<\/div>\n\t\t\t\t\t<\/div>\n\t\t<\/section>\n\t\t\t\t<\/div>\n\t\t<\/div>\n\t\t\t\t\t\t\t<\/div>\n\t\t<\/div>\n\t\t\t\t\t\t<\/div>\n\t\t\t\t<\/div>\n\t\t\t\t\t<\/div>\n\t\t<\/div>\n\t\t\t\t\t<\/div>\n\t\t<\/section>\n\t\t\t\t<\/div>\n\t\t\n    <div class=\"xs_social_share_widget xs_share_url after_content \t\tmain_content  wslu-style-1 wslu-share-box-shaped wslu-fill-colored wslu-none wslu-share-horizontal wslu-theme-font-yes wslu-main_content\">\n\n\t\t\n            <div class=\"wslu-share-count\">\n                <span class=\"wslu-share-count--total\">0<\/span>\n                <span class=\"wslu-share-count--text\">Shares<\/span>\n            <\/div>\n\n\t\t\n        <ul>\n\t\t\t        <\/ul>\n    <\/div> \n","protected":false},"excerpt":{"rendered":"<p>Mensualmente Anual Mensualmente Abonnement mensuel1 semaine offerte !9,99\u20ac\/mois Pas de publicit\u00e9 Cr\u00e9ez des collections Ajoutez des notes priv\u00e9es aux recettes. Des recettes vid\u00e9o premium chaque mois (Arrive bient\u00f4t) Des Lives&hellip;<\/p>\n","protected":false},"author":5,"featured_media":0,"parent":0,"menu_order":0,"comment_status":"closed","ping_status":"closed","template":"page-penci-full-width.php","meta":{"wprm-recipe-roundup-name":"","wprm-recipe-roundup-description":"","_mi_skip_tracking":false,"_lmt_disableupdate":"","_lmt_disable":"","footnotes":""},"class_list":["post-283326","page","type-page","status-publish","format-standard","hentry"],"acf":[],"_links":{"self":[{"href":"https:\/\/stagingapp15670.cloudwayssites.com\/es\/wp-json\/wp\/v2\/pages\/283326"}],"collection":[{"href":"https:\/\/stagingapp15670.cloudwayssites.com\/es\/wp-json\/wp\/v2\/pages"}],"about":[{"href":"https:\/\/stagingapp15670.cloudwayssites.com\/es\/wp-json\/wp\/v2\/types\/page"}],"author":[{"embeddable":true,"href":"https:\/\/stagingapp15670.cloudwayssites.com\/es\/wp-json\/wp\/v2\/users\/5"}],"replies":[{"embeddable":true,"href":"https:\/\/stagingapp15670.cloudwayssites.com\/es\/wp-json\/wp\/v2\/comments?post=283326"}],"version-history":[{"count":0,"href":"https:\/\/stagingapp15670.cloudwayssites.com\/es\/wp-json\/wp\/v2\/pages\/283326\/revisions"}],"wp:attachment":[{"href":"https:\/\/stagingapp15670.cloudwayssites.com\/es\/wp-json\/wp\/v2\/media?parent=283326"}],"curies":[{"name":"wp","href":"https:\/\/api.w.org\/{rel}","templated":true}]}}