{"id":202372,"date":"2020-04-07T11:00:19","date_gmt":"2020-04-07T09:00:19","guid":{"rendered":"https:\/\/stagingapp15670.cloudwayssites.com\/chocolate-casero"},"modified":"2022-08-17T14:55:57","modified_gmt":"2022-08-17T12:55:57","slug":"chocolate-casero","status":"publish","type":"page","link":"https:\/\/stagingapp15670.cloudwayssites.com\/es\/chocolate-casero\/","title":{"rendered":"Chocolate casero"},"content":{"rendered":"\n<iframe width=\"560\" height=\"315\" src=\"https:\/\/www.youtube.com\/embed\/QMUtR_DCnzk\" frameborder=\"0\" allow=\"accelerometer; autoplay; encrypted-media; gyroscope; picture-in-picture\" allowfullscreen=\"\"><\/iframe>\n\n<p><\/p>\n\n<iframe width=\"560\" height=\"315\" src=\"https:\/\/www.youtube.com\/embed\/OEMG6nTiv4g\" frameborder=\"0\" allow=\"accelerometer; autoplay; encrypted-media; gyroscope; picture-in-picture\" allowfullscreen=\"\"><\/iframe>\n\n<p><\/p>\n\n<iframe width=\"560\" height=\"315\" src=\"https:\/\/www.youtube.com\/embed\/kbOJn5uhU98\" frameborder=\"0\" allow=\"accelerometer; autoplay; encrypted-media; gyroscope; picture-in-picture\" allowfullscreen=\"\"><\/iframe>\n\n<p> <\/p>\n\n<iframe width=\"560\" height=\"315\" src=\"https:\/\/www.youtube.com\/embed\/YVItI5XP0yk\" frameborder=\"0\" allow=\"accelerometer; autoplay; encrypted-media; gyroscope; picture-in-picture\" allowfullscreen=\"\"><\/iframe>\n\n<p> <\/p>\n\n<iframe width=\"560\" height=\"315\" src=\"https:\/\/www.youtube.com\/embed\/AO9VPbsnuDw\" frameborder=\"0\" allow=\"accelerometer; autoplay; encrypted-media; gyroscope; picture-in-picture\" allowfullscreen=\"\"><\/iframe>\n\n<p> <\/p>\n\n<iframe width=\"560\" height=\"315\" src=\"https:\/\/www.youtube.com\/embed\/93pQhgaRWAU\" frameborder=\"0\" allow=\"accelerometer; autoplay; encrypted-media; gyroscope; picture-in-picture\" allowfullscreen=\"\"><\/iframe>\n\n<p>\u00a1Eso es! Ya es hora de que te lo contemos. Voy a publicar mi 5\u00ba libro, prologado por Christophe Michalak, y siempre con la misma pasi\u00f3n y alegr\u00eda quiero compartirlo con ustedes. \u00a1Me publican para este por Solar, aunque tambi\u00e9n me quedo con Flammarion, probablemente para el 6\u00ba por cierto! Puede que hayas visto mis talleres de chocolate y mis platos de chocolate caseros si me sigues en instagram<a href=\"https:\/\/www.instagram.com\/lacuisinedebernard\/\">(\u00a1mi cuenta AQU\u00cd!<\/a>)? Si es as\u00ed, no te sorprender\u00e1 ver que el tema de mi \u00faltimo beb\u00e9 es el chocolate. En 160 p\u00e1ginas, le cuento todo lo que necesita saber para elaborarlo en casa, desde el grano hasta la tableta, en todas sus formas: chocolate negro, chocolate con leche, chocolate blanco, chocolate con leche vegano, chocolate sin az\u00facar, chocolate con t\u00e9 verde, chocolate con frambuesa, \u00a1e incluso chocolate sin chocolate pero con caf\u00e9! Pero tambi\u00e9n chocolates rellenos de pralin\u00e9 y cremas para untar de avellana o pistacho, incluida la Nutella casera e incluso la gianduia. Por supuesto, explico todo sobre el templado, proponiendo varios m\u00e9todos en cada etapa, dependiendo de su equipo. He desarrollado dos f\u00f3rmulas casi m\u00e1gicas para hacer todos los chocolates del mundo. S\u00f3lo tienes que poner lo que te gusta y te sale la receta. Por \u00faltimo, te doy muchas recetas de barritas y postres (galletas, magdalenas, milhojas, canel\u00e9s, chocolate caliente, etc.)&#8230;  <\/p>\n\n<figure class=\"wp-block-image\"><img fetchpriority=\"high\" decoding=\"async\" width=\"820\" height=\"1094\" src=\"https:\/\/stagingapp15670.cloudwayssites.com\/wp-content\/uploads\/2020\/02\/chocolat-1.jpg\" alt=\"\" class=\"wp-image-25035\" srcset=\"https:\/\/stagingapp15670.cloudwayssites.com\/wp-content\/uploads\/2020\/02\/chocolat-1.jpg 820w, https:\/\/stagingapp15670.cloudwayssites.com\/wp-content\/uploads\/2020\/02\/chocolat-1-600x800.jpg 600w, https:\/\/stagingapp15670.cloudwayssites.com\/wp-content\/uploads\/2020\/02\/chocolat-1-225x300.jpg 225w, https:\/\/stagingapp15670.cloudwayssites.com\/wp-content\/uploads\/2020\/02\/chocolat-1-768x1024.jpg 768w, https:\/\/stagingapp15670.cloudwayssites.com\/wp-content\/uploads\/2020\/02\/chocolat-1-585x780.jpg 585w\" sizes=\"(max-width: 820px) 100vw, 820px\" \/><\/figure>\n\n<p>El libro consta de tres partes:  <\/p>\n\n<ul class=\"wp-block-list\"><li>1-Sabe c\u00f3mo hacer su propio chocolate<\/li><li>2-Recetas para barras y chocolates rellenos, para untar<\/li><li>3-Las recetas de postres con chocolate<\/li><\/ul>\n\n<p>Con este libro podr\u00e1s hacer chocolate casero desde el grano hasta la tableta, pero tambi\u00e9n hacer tabletas sin tener que hacer tu propio chocolate, utilizando chocolate de marca, porque lo sabr\u00e1s todo sobre el templado. Quer\u00eda que fuera lo m\u00e1s completo posible. Todo ello en un precioso libro con im\u00e1genes de Claire Curt y un pr\u00f3logo del propio Christophe Michalak. Le invito a descubrir m\u00e1s a continuaci\u00f3n.  <\/p>\n\n<p>Puede pedirlo en su librer\u00eda local o en las siguientes plataformas: (\u00a1haga clic para obtener un enlace directo!). Su precio es de 15,95 euros y se entregar\u00e1 a partir del 19 de marzo de 2020.<\/p>\n\n<p>Con este libro podr\u00e1s hacer chocolate casero desde el grano hasta la tableta, pero tambi\u00e9n hacer tabletas sin tener que hacer tu propio chocolate, utilizando chocolate de marca, porque lo sabr\u00e1s todo sobre el templado. Quer\u00eda que fuera lo m\u00e1s completo posible. Todo ello en un precioso libro con im\u00e1genes de Claire Curt y un pr\u00f3logo del propio Christophe Michalak. Le invito a descubrir m\u00e1s a continuaci\u00f3n.  <\/p>\n\n<p>Puede pedirlo en su librer\u00eda local o en las siguientes plataformas: (\u00a1haga clic para obtener un enlace directo!). Su precio es de 15,95 euros y se entregar\u00e1 a partir del 19 de marzo de 2020.<\/p>\n\n<ul class=\"wp-block-list\"><li><a href=\"https:\/\/livre.fnac.com\/a14086076\/Bernard-Laurance-Je-fais-mon-chocolat-maison\">Fnac<\/a><\/li><li><a href=\"https:\/\/www.amazon.fr\/Je-fais-mon-chocolat-maison\/dp\/2263169458\">Amazon<\/a><\/li><li><a href=\"https:\/\/www.lisez.com\/livre-cartonne\/je-fais-mon-chocolat-maison\/9782263169458\">Leer.com<\/a><\/li><li><a href=\"https:\/\/www.lalibrairie.com\/livres\/je-fais-mon-chocolat-maison_0-6399594_9782263169458.html?ctx=3940aee4411950d2ba4331a5c75e7da5\">Lalibrairie.com<\/a><\/li><li><a href=\"https:\/\/www.gibert.com\/je-fais-mon-chocolat-maison-11599764.html\">Gibert<\/a><\/li><li><a href=\"https:\/\/www.culture.leclerc\/livre-u\/loisirs-vie-pratique-u\/cuisine--vins-u\/autres-cuisine--vins-u\/je-fais-mon-chocolat-maison-9782263169458-pr\">Cultura Leclerc<\/a><\/li><\/ul>\n\n<p>Voy a publicar algunas p\u00e1ginas del libro, incluyendo el prefacio y las im\u00e1genes de las tres partes del libro.  <\/p>\n\n<figure class=\"wp-block-image\"><img decoding=\"async\" width=\"900\" height=\"601\" src=\"https:\/\/stagingapp15670.cloudwayssites.com\/wp-content\/uploads\/2020\/02\/couv.jpg\" alt=\"\" class=\"wp-image-25038\" srcset=\"https:\/\/stagingapp15670.cloudwayssites.com\/wp-content\/uploads\/2020\/02\/couv.jpg 900w, https:\/\/stagingapp15670.cloudwayssites.com\/wp-content\/uploads\/2020\/02\/couv-600x401.jpg 600w, https:\/\/stagingapp15670.cloudwayssites.com\/wp-content\/uploads\/2020\/02\/couv-300x200.jpg 300w, https:\/\/stagingapp15670.cloudwayssites.com\/wp-content\/uploads\/2020\/02\/couv-768x513.jpg 768w, https:\/\/stagingapp15670.cloudwayssites.com\/wp-content\/uploads\/2020\/02\/couv-585x391.jpg 585w, https:\/\/stagingapp15670.cloudwayssites.com\/wp-content\/uploads\/2020\/02\/couv-263x175.jpg 263w\" sizes=\"(max-width: 900px) 100vw, 900px\" \/><\/figure>\n\n<figure class=\"wp-block-image\"><img decoding=\"async\" src=\"https:\/\/stagingapp15670.cloudwayssites.com\/wp-content\/uploads\/2020\/02\/pre&#x301;face.jpg\" alt=\"\" class=\"wp-image-25051\"\/><\/figure>\n\n<figure class=\"wp-block-image\"><img decoding=\"async\" width=\"900\" height=\"599\" src=\"https:\/\/stagingapp15670.cloudwayssites.com\/wp-content\/uploads\/2020\/02\/concassage.jpg\" alt=\"\" class=\"wp-image-25036\" srcset=\"https:\/\/stagingapp15670.cloudwayssites.com\/wp-content\/uploads\/2020\/02\/concassage.jpg 900w, https:\/\/stagingapp15670.cloudwayssites.com\/wp-content\/uploads\/2020\/02\/concassage-600x399.jpg 600w, https:\/\/stagingapp15670.cloudwayssites.com\/wp-content\/uploads\/2020\/02\/concassage-300x200.jpg 300w, https:\/\/stagingapp15670.cloudwayssites.com\/wp-content\/uploads\/2020\/02\/concassage-768x511.jpg 768w, https:\/\/stagingapp15670.cloudwayssites.com\/wp-content\/uploads\/2020\/02\/concassage-585x389.jpg 585w, https:\/\/stagingapp15670.cloudwayssites.com\/wp-content\/uploads\/2020\/02\/concassage-263x175.jpg 263w\" sizes=\"(max-width: 900px) 100vw, 900px\" \/><\/figure>\n\n<figure class=\"wp-block-image\"><img decoding=\"async\" src=\"https:\/\/stagingapp15670.cloudwayssites.com\/wp-content\/uploads\/2020\/02\/Capture-d&#x2019;e&#x301;cran-2020-02-28-a&#x300;-14.02.48-1024x681.png\" alt=\"\" class=\"wp-image-25021\"\/><\/figure>\n\n<figure class=\"wp-block-image\"><img loading=\"lazy\" decoding=\"async\" width=\"900\" height=\"598\" src=\"https:\/\/stagingapp15670.cloudwayssites.com\/wp-content\/uploads\/2020\/02\/barres-folles.jpg\" alt=\"\" class=\"wp-image-25034\" srcset=\"https:\/\/stagingapp15670.cloudwayssites.com\/wp-content\/uploads\/2020\/02\/barres-folles.jpg 900w, https:\/\/stagingapp15670.cloudwayssites.com\/wp-content\/uploads\/2020\/02\/barres-folles-600x399.jpg 600w, https:\/\/stagingapp15670.cloudwayssites.com\/wp-content\/uploads\/2020\/02\/barres-folles-300x199.jpg 300w, https:\/\/stagingapp15670.cloudwayssites.com\/wp-content\/uploads\/2020\/02\/barres-folles-768x510.jpg 768w, https:\/\/stagingapp15670.cloudwayssites.com\/wp-content\/uploads\/2020\/02\/barres-folles-585x389.jpg 585w, https:\/\/stagingapp15670.cloudwayssites.com\/wp-content\/uploads\/2020\/02\/barres-folles-263x175.jpg 263w\" sizes=\"(max-width: 900px) 100vw, 900px\" \/><\/figure>\n\n<figure class=\"wp-block-image\"><img loading=\"lazy\" decoding=\"async\" width=\"900\" height=\"599\" src=\"https:\/\/stagingapp15670.cloudwayssites.com\/wp-content\/uploads\/2020\/02\/lait.jpg\" alt=\"\" class=\"wp-image-25041\" srcset=\"https:\/\/stagingapp15670.cloudwayssites.com\/wp-content\/uploads\/2020\/02\/lait.jpg 900w, https:\/\/stagingapp15670.cloudwayssites.com\/wp-content\/uploads\/2020\/02\/lait-600x399.jpg 600w, https:\/\/stagingapp15670.cloudwayssites.com\/wp-content\/uploads\/2020\/02\/lait-300x200.jpg 300w, https:\/\/stagingapp15670.cloudwayssites.com\/wp-content\/uploads\/2020\/02\/lait-768x511.jpg 768w, https:\/\/stagingapp15670.cloudwayssites.com\/wp-content\/uploads\/2020\/02\/lait-585x389.jpg 585w, https:\/\/stagingapp15670.cloudwayssites.com\/wp-content\/uploads\/2020\/02\/lait-263x175.jpg 263w\" sizes=\"(max-width: 900px) 100vw, 900px\" \/><\/figure>\n\n<figure class=\"wp-block-image\"><img loading=\"lazy\" decoding=\"async\" width=\"900\" height=\"599\" src=\"https:\/\/stagingapp15670.cloudwayssites.com\/wp-content\/uploads\/2020\/02\/nutella.jpg\" alt=\"\" class=\"wp-image-25050\" srcset=\"https:\/\/stagingapp15670.cloudwayssites.com\/wp-content\/uploads\/2020\/02\/nutella.jpg 900w, https:\/\/stagingapp15670.cloudwayssites.com\/wp-content\/uploads\/2020\/02\/nutella-600x399.jpg 600w, https:\/\/stagingapp15670.cloudwayssites.com\/wp-content\/uploads\/2020\/02\/nutella-300x200.jpg 300w, https:\/\/stagingapp15670.cloudwayssites.com\/wp-content\/uploads\/2020\/02\/nutella-768x511.jpg 768w, https:\/\/stagingapp15670.cloudwayssites.com\/wp-content\/uploads\/2020\/02\/nutella-585x389.jpg 585w, https:\/\/stagingapp15670.cloudwayssites.com\/wp-content\/uploads\/2020\/02\/nutella-263x175.jpg 263w\" sizes=\"(max-width: 900px) 100vw, 900px\" \/><\/figure>\n\n<figure class=\"wp-block-image\"><img loading=\"lazy\" decoding=\"async\" width=\"900\" height=\"599\" src=\"https:\/\/stagingapp15670.cloudwayssites.com\/wp-content\/uploads\/2020\/02\/micuit.jpg\" alt=\"\" class=\"wp-image-25043\" srcset=\"https:\/\/stagingapp15670.cloudwayssites.com\/wp-content\/uploads\/2020\/02\/micuit.jpg 900w, https:\/\/stagingapp15670.cloudwayssites.com\/wp-content\/uploads\/2020\/02\/micuit-600x399.jpg 600w, https:\/\/stagingapp15670.cloudwayssites.com\/wp-content\/uploads\/2020\/02\/micuit-300x200.jpg 300w, https:\/\/stagingapp15670.cloudwayssites.com\/wp-content\/uploads\/2020\/02\/micuit-768x511.jpg 768w, https:\/\/stagingapp15670.cloudwayssites.com\/wp-content\/uploads\/2020\/02\/micuit-585x389.jpg 585w, https:\/\/stagingapp15670.cloudwayssites.com\/wp-content\/uploads\/2020\/02\/micuit-263x175.jpg 263w\" sizes=\"(max-width: 900px) 100vw, 900px\" \/><\/figure>\n\n<figure class=\"wp-block-image\"><img loading=\"lazy\" decoding=\"async\" width=\"900\" height=\"600\" src=\"https:\/\/stagingapp15670.cloudwayssites.com\/wp-content\/uploads\/2020\/02\/cookies-1.jpg\" alt=\"\" class=\"wp-image-25037\" srcset=\"https:\/\/stagingapp15670.cloudwayssites.com\/wp-content\/uploads\/2020\/02\/cookies-1.jpg 900w, https:\/\/stagingapp15670.cloudwayssites.com\/wp-content\/uploads\/2020\/02\/cookies-1-600x400.jpg 600w, https:\/\/stagingapp15670.cloudwayssites.com\/wp-content\/uploads\/2020\/02\/cookies-1-300x200.jpg 300w, https:\/\/stagingapp15670.cloudwayssites.com\/wp-content\/uploads\/2020\/02\/cookies-1-768x512.jpg 768w, https:\/\/stagingapp15670.cloudwayssites.com\/wp-content\/uploads\/2020\/02\/cookies-1-585x390.jpg 585w, https:\/\/stagingapp15670.cloudwayssites.com\/wp-content\/uploads\/2020\/02\/cookies-1-263x175.jpg 263w\" sizes=\"(max-width: 900px) 100vw, 900px\" \/><\/figure>\n","protected":false},"excerpt":{"rendered":"<p>\u00a1Eso es! Ya es hora de que te lo contemos. Voy a publicar mi 5\u00ba libro, prologado por Christophe Michalak, y siempre con la misma pasi\u00f3n y alegr\u00eda quiero compartirlo&hellip;<\/p>\n","protected":false},"author":1,"featured_media":0,"parent":0,"menu_order":0,"comment_status":"closed","ping_status":"closed","template":"","meta":{"_acf_changed":false,"wprm-recipe-roundup-name":"","wprm-recipe-roundup-description":"","_lmt_disableupdate":"","_lmt_disable":"","footnotes":""},"class_list":["post-202372","page","type-page","status-publish","format-standard","hentry"],"acf":[],"_links":{"self":[{"href":"https:\/\/stagingapp15670.cloudwayssites.com\/es\/wp-json\/wp\/v2\/pages\/202372","targetHints":{"allow":["GET"]}}],"collection":[{"href":"https:\/\/stagingapp15670.cloudwayssites.com\/es\/wp-json\/wp\/v2\/pages"}],"about":[{"href":"https:\/\/stagingapp15670.cloudwayssites.com\/es\/wp-json\/wp\/v2\/types\/page"}],"author":[{"embeddable":true,"href":"https:\/\/stagingapp15670.cloudwayssites.com\/es\/wp-json\/wp\/v2\/users\/1"}],"replies":[{"embeddable":true,"href":"https:\/\/stagingapp15670.cloudwayssites.com\/es\/wp-json\/wp\/v2\/comments?post=202372"}],"version-history":[{"count":0,"href":"https:\/\/stagingapp15670.cloudwayssites.com\/es\/wp-json\/wp\/v2\/pages\/202372\/revisions"}],"wp:attachment":[{"href":"https:\/\/stagingapp15670.cloudwayssites.com\/es\/wp-json\/wp\/v2\/media?parent=202372"}],"curies":[{"name":"wp","href":"https:\/\/api.w.org\/{rel}","templated":true}]}}