{"id":202368,"date":"2022-06-23T13:18:13","date_gmt":"2022-06-23T11:18:13","guid":{"rendered":"https:\/\/stagingapp15670.cloudwayssites.com\/asociacion"},"modified":"2022-08-17T14:55:19","modified_gmt":"2022-08-17T12:55:19","slug":"asociacion","status":"publish","type":"page","link":"https:\/\/stagingapp15670.cloudwayssites.com\/es\/asociacion\/","title":{"rendered":"Asociaci\u00f3n"},"content":{"rendered":"\t\t<div data-elementor-type=\"wp-page\" data-elementor-id=\"202368\" class=\"elementor elementor-202368 elementor-201070\" data-elementor-post-type=\"page\">\n\t\t\t\t\t\t<section class=\"penci-section penci-disSticky penci-structure-10 elementor-section elementor-top-section elementor-element elementor-element-f297dab elementor-section-boxed elementor-section-height-default elementor-section-height-default\" data-id=\"f297dab\" data-element_type=\"section\" data-e-type=\"section\">\n\t\t\t\t\t\t<div class=\"elementor-container elementor-column-gap-default\">\n\t\t\t\t\t<div class=\"penci-ercol-100 penci-ercol-order-1 penci-sticky-ct    elementor-column elementor-col-100 elementor-top-column elementor-element elementor-element-448870a\" data-id=\"448870a\" data-element_type=\"column\" data-e-type=\"column\">\n\t\t\t<div class=\"elementor-widget-wrap elementor-element-populated\">\n\t\t\t\t\t\t<div class=\"elementor-element elementor-element-83130d9 elementor-widget elementor-widget-heading\" data-id=\"83130d9\" data-element_type=\"widget\" data-e-type=\"widget\" data-widget_type=\"heading.default\">\n\t\t\t\t<div class=\"elementor-widget-container\">\n\t\t\t\t\t<h2 class=\"elementor-heading-title elementor-size-default\">\u00bfC\u00f3mo comprar banners publicitarios?<\/h2>\t\t\t\t<\/div>\n\t\t\t\t<\/div>\n\t\t\t\t<div class=\"elementor-element elementor-element-dd4a90d elementor-widget elementor-widget-text-editor\" data-id=\"dd4a90d\" data-element_type=\"widget\" data-e-type=\"widget\" data-widget_type=\"text-editor.default\">\n\t\t\t\t<div class=\"elementor-widget-container\">\n\t\t\t\t\t\t\t\t\t<p class=\"p1\">Mediavine Direct permite a las marcas comprar en el inventario del sitio participando en subastas de publicidad en los espacios publicitarios.<\/p>\n<p class=\"p1\">Basta con ir a la URL: https: <a href=\"https:\/\/sales.mediavine.com\/la-cuisine-de-bernard\">\/\/sales.mediavine.com\/la-cuisine-de-bernard.<\/a><\/p>\t\t\t\t\t\t\t\t<\/div>\n\t\t\t\t<\/div>\n\t\t\t\t<div class=\"elementor-element elementor-element-c1a8e79 elementor-widget elementor-widget-heading\" data-id=\"c1a8e79\" data-element_type=\"widget\" data-e-type=\"widget\" data-widget_type=\"heading.default\">\n\t\t\t\t<div class=\"elementor-widget-container\">\n\t\t\t\t\t<h3 class=\"elementor-heading-title elementor-size-default\">\u00bfQu\u00e9 debe hacer la marca?\n<\/h3>\t\t\t\t<\/div>\n\t\t\t\t<\/div>\n\t\t\t\t<div class=\"elementor-element elementor-element-42efa75 elementor-widget elementor-widget-text-editor\" data-id=\"42efa75\" data-element_type=\"widget\" data-e-type=\"widget\" data-widget_type=\"text-editor.default\">\n\t\t\t\t<div class=\"elementor-widget-container\">\n\t\t\t\t\t\t\t\t\t<p class=\"p1\">A partir de ah\u00ed, puedes elegir todos los detalles de la campa\u00f1a que quieres crear, como la duraci\u00f3n de la misma, el p\u00fablico objetivo y tu presupuesto. Introduzca un n\u00famero de tarjeta de cr\u00e9dito y Mediavine recoger\u00e1 el pago.<span class=\"Apple-converted-space\"> <\/span><\/p>\t\t\t\t\t\t\t\t<\/div>\n\t\t\t\t<\/div>\n\t\t\t\t<div class=\"elementor-element elementor-element-4b2cc24 elementor-widget elementor-widget-heading\" data-id=\"4b2cc24\" data-element_type=\"widget\" data-e-type=\"widget\" data-widget_type=\"heading.default\">\n\t\t\t\t<div class=\"elementor-widget-container\">\n\t\t\t\t\t<h3 class=\"elementor-heading-title elementor-size-default\">\u00bfCu\u00e1l es el presupuesto m\u00ednimo?<\/h3>\t\t\t\t<\/div>\n\t\t\t\t<\/div>\n\t\t\t\t<div class=\"elementor-element elementor-element-071f553 elementor-widget elementor-widget-text-editor\" data-id=\"071f553\" data-element_type=\"widget\" data-e-type=\"widget\" data-widget_type=\"text-editor.default\">\n\t\t\t\t<div class=\"elementor-widget-container\">\n\t\t\t\t\t\t\t\t\t<p>Nuestro presupuesto m\u00ednimo es de 100 d\u00f3lares.<\/p><p>Actualmente, los precios se fijan autom\u00e1ticamente en funci\u00f3n del rendimiento del sitio. El objetivo es que el precio de los anuncios sea lo suficientemente competitivo como para garantizar la \u00abentrega completa\u00bb. Para ver los CPMs establecidos para un sitio espec\u00edfico, vaya a la parte inicial de la caja. Si elige dise\u00f1os m\u00e1s caros, aplicar\u00e1 un \u00abmultiplicador\u00bb a esta tarifa base.<\/p>\t\t\t\t\t\t\t\t<\/div>\n\t\t\t\t<\/div>\n\t\t\t\t<div class=\"elementor-element elementor-element-3ae42ce elementor-widget elementor-widget-heading\" data-id=\"3ae42ce\" data-element_type=\"widget\" data-e-type=\"widget\" data-widget_type=\"heading.default\">\n\t\t\t\t<div class=\"elementor-widget-container\">\n\t\t\t\t\t<h3 class=\"elementor-heading-title elementor-size-default\">\u00bfC\u00f3mo funciona?<\/h3>\t\t\t\t<\/div>\n\t\t\t\t<\/div>\n\t\t\t\t<div class=\"elementor-element elementor-element-929ea7c elementor-widget elementor-widget-text-editor\" data-id=\"929ea7c\" data-element_type=\"widget\" data-e-type=\"widget\" data-widget_type=\"text-editor.default\">\n\t\t\t\t<div class=\"elementor-widget-container\">\n\t\t\t\t\t\t\t\t\tDesde la p\u00e1gina de Mediavine Direct del sitio, haga clic en \u00abIniciar\u00bb y comenzar\u00e1 su campa\u00f1a de inmediato.\n\n<img decoding=\"async\" src=\"https:\/\/stagingapp15670.cloudwayssites.com\/wp-content\/uploads\/ads-1.png\" alt=\"Anuncios 1\">\n\nLa siguiente p\u00e1gina es donde se empieza a configurar la nueva campa\u00f1a. Rellene sus datos y haga clic en Siguiente para pasar al siguiente paso.\n\n<img decoding=\"async\" src=\"https:\/\/stagingapp15670.cloudwayssites.com\/wp-content\/uploads\/ads-2.png\" alt=\"Creativos\">\n\n&nbsp;\n\nEn la p\u00e1gina de Creaciones, ver\u00e1 los CPM de su campa\u00f1a.\n\nSeleccione los tama\u00f1os de anuncio con los que desea anunciarse y cargue su plantilla de anuncio. Los anuncios deben estar dise\u00f1ados en los siguientes tama\u00f1os, pero puedes subir tantos dise\u00f1os como quieras:\n\n300 x 250 p\u00edxeles\n\n300 x 600 p\u00edxeles\n\n320 x 50 p\u00edxeles\n\n728 x 90 p\u00edxeles\n\nLos archivos deben estar en formato JPG o PNG. La resoluci\u00f3n debe ser de 72 ppi.\n\n<img decoding=\"async\" src=\"https:\/\/stagingapp15670.cloudwayssites.com\/wp-content\/uploads\/creatives-upload.png\" alt=\"Carga creativa\">\n\nElija su(s) archivo(s). Puede arrastrar y soltar su imagen en la herramienta de carga o hacer clic para seleccionarla en su ordenador.\n\nEl campo Hiperv\u00ednculo debe incluir la URL completa del sitio web o de la p\u00e1gina de destino que desea que el usuario visite. Por ejemplo, un anunciante como Netflix podr\u00eda elegir https:\/\/www.netflix.com\/signup si est\u00e1 anunciando una oferta de afiliaci\u00f3n a su servicio.\n\n<img decoding=\"async\" src=\"https:\/\/stagingapp15670.cloudwayssites.com\/wp-content\/uploads\/screencapture-sales-mediavine-la-cuisine-de-bernard-creatives-2022-06-24-10-36-10.png\" alt=\"\">\n\nCargue el material gr\u00e1fico de cualquier otro tama\u00f1o de anuncio que desee comprar y, a continuaci\u00f3n, haga clic en Continuar.\n\nEn la siguiente p\u00e1gina, Fechas, elija las fechas de su campa\u00f1a y su presupuesto. El m\u00ednimo es de 100 d\u00f3lares.\n\n<img decoding=\"async\" src=\"https:\/\/stagingapp15670.cloudwayssites.com\/wp-content\/uploads\/screencapture-sales-mediavine-la-cuisine-de-bernard-dates-2022-06-24-10-36-58.png\" alt=\"\">\n\nA continuaci\u00f3n, haga clic en Continuar para acceder a la p\u00e1gina de pago. Introduzca el n\u00famero de su tarjeta de cr\u00e9dito y la fecha de caducidad y haga clic en Autorizar.\n\n\n\n\u00a1Se acab\u00f3! Recibir\u00e1 un recibo por correo electr\u00f3nico. Las cifras se ajustar\u00e1n autom\u00e1ticamente en funci\u00f3n del tama\u00f1o del anuncio, el intervalo de fechas, etc.\n\nAntes de que la campa\u00f1a se ponga en marcha, tendremos la oportunidad de revisarla. Si tiene alguna pregunta sobre Mediavine Direct, env\u00edeme un correo electr\u00f3nico a contact@lacuisinedebernard.\t\t\t\t\t\t\t\t<\/div>\n\t\t\t\t<\/div>\n\t\t\t\t\t<\/div>\n\t\t<\/div>\n\t\t\t\t\t<\/div>\n\t\t<\/section>\n\t\t\t\t<\/div>\n\t\t","protected":false},"excerpt":{"rendered":"<p>\u00bfC\u00f3mo comprar banners publicitarios? Mediavine Direct permite a las marcas comprar en el inventario del sitio participando en subastas de publicidad en los espacios publicitarios. Basta con ir a la&hellip;<\/p>\n","protected":false},"author":5,"featured_media":0,"parent":0,"menu_order":0,"comment_status":"closed","ping_status":"closed","template":"","meta":{"_acf_changed":false,"wprm-recipe-roundup-name":"","wprm-recipe-roundup-description":"","_lmt_disableupdate":"","_lmt_disable":"","footnotes":""},"class_list":["post-202368","page","type-page","status-publish","format-standard","hentry"],"acf":[],"_links":{"self":[{"href":"https:\/\/stagingapp15670.cloudwayssites.com\/es\/wp-json\/wp\/v2\/pages\/202368","targetHints":{"allow":["GET"]}}],"collection":[{"href":"https:\/\/stagingapp15670.cloudwayssites.com\/es\/wp-json\/wp\/v2\/pages"}],"about":[{"href":"https:\/\/stagingapp15670.cloudwayssites.com\/es\/wp-json\/wp\/v2\/types\/page"}],"author":[{"embeddable":true,"href":"https:\/\/stagingapp15670.cloudwayssites.com\/es\/wp-json\/wp\/v2\/users\/5"}],"replies":[{"embeddable":true,"href":"https:\/\/stagingapp15670.cloudwayssites.com\/es\/wp-json\/wp\/v2\/comments?post=202368"}],"version-history":[{"count":0,"href":"https:\/\/stagingapp15670.cloudwayssites.com\/es\/wp-json\/wp\/v2\/pages\/202368\/revisions"}],"wp:attachment":[{"href":"https:\/\/stagingapp15670.cloudwayssites.com\/es\/wp-json\/wp\/v2\/media?parent=202368"}],"curies":[{"name":"wp","href":"https:\/\/api.w.org\/{rel}","templated":true}]}}